{"id":36803,"date":"2024-05-17T16:40:41","date_gmt":"2024-05-17T16:40:41","guid":{"rendered":"https:\/\/silosspain.com\/noticias\/water-tanks\/"},"modified":"2024-05-18T15:38:59","modified_gmt":"2024-05-18T15:38:59","slug":"depositos-de-agua","status":"publish","type":"page","link":"https:\/\/silosspain.com\/es\/noticias\/depositos-de-agua\/","title":{"rendered":"Dep\u00f3sitos de agua"},"content":{"rendered":"<p>[et_pb_section fb_built=\u00bb1&#8243; admin_label=\u00bbHero\u00bb _builder_version=\u00bb4.16&#8243; use_background_color_gradient=\u00bbon\u00bb background_color_gradient_type=\u00bbcircular\u00bb background_color_gradient_direction_radial=\u00bbtop left\u00bb background_color_gradient_stops=\u00bbrgba(40,40,40,0.79) 0%|rgba(40,40,40,0.86) 100%\u00bb background_color_gradient_overlays_image=\u00bbon\u00bb background_color_gradient_start=\u00bbrgba(40,40,40,0.79)\u00bb background_color_gradient_end=\u00bbrgba(40,40,40,0.86)\u00bb background_image=\u00bbhttps:\/\/silosspain.com\/wp-content\/uploads\/2023\/03\/construction-34.jpg\u00bb custom_margin=\u00bb||||false\u00bb custom_padding=\u00bb6vw||6vw||true|false\u00bb global_colors_info=\u00bb{}\u00bb][et_pb_row _builder_version=\u00bb4.16&#8243; global_colors_info=\u00bb{}\u00bb][et_pb_column type=\u00bb4_4&#8243; _builder_version=\u00bb4.16&#8243; custom_padding=\u00bb|||\u00bb global_colors_info=\u00bb{}\u00bb custom_padding__hover=\u00bb|||\u00bb][et_pb_text _builder_version=\u00bb4.23.4&#8243; text_font=\u00bb||||||||\u00bb header_font=\u00bbRubik|700|||||||\u00bb header_font_size=\u00bb64px\u00bb header_line_height=\u00bb1.1em\u00bb background_layout=\u00bbdark\u00bb max_width=\u00bb800px\u00bb custom_margin=\u00bb||0px|\u00bb custom_padding=\u00bb|||16px\u00bb text_font_size_tablet=\u00bb14px\u00bb text_font_size_last_edited=\u00bboff|desktop\u00bb header_font_size_tablet=\u00bb44px\u00bb header_font_size_phone=\u00bb32px\u00bb header_font_size_last_edited=\u00bbon|phone\u00bb border_color_all=\u00bb#ffb400&#8243; border_width_left=\u00bb10px\u00bb global_colors_info=\u00bb{}\u00bb]<\/p>\n<h1>Dep\u00f3sitos de agua<\/h1>\n<p>[\/et_pb_text][\/et_pb_column][\/et_pb_row][\/et_pb_section][et_pb_section fb_built=\u00bb1&#8243; admin_label=\u00bbBlog\u00bb _builder_version=\u00bb4.16&#8243; background_color=\u00bb#f7f7f7&#8243; global_colors_info=\u00bb{}\u00bb][et_pb_row _builder_version=\u00bb4.16&#8243; global_colors_info=\u00bb{}\u00bb][et_pb_column type=\u00bb4_4&#8243; _builder_version=\u00bb4.16&#8243; custom_padding=\u00bb|||\u00bb global_colors_info=\u00bb{}\u00bb custom_padding__hover=\u00bb|||\u00bb][et_pb_text _builder_version=\u00bb4.23.4&#8243; _module_preset=\u00bbdefault\u00bb global_colors_info=\u00bb{}\u00bb]<\/p>\n<h2>Novedades y Proyectos de Dep\u00f3sitos de Agua<\/h2>\n<p>\u00daltimas noticias y proyectos de dep\u00f3sitos de agua desarrollados por Silos Spain: con techo plano, con l\u00e1mina de impermeabilizaci\u00f3n, de chapa con recubrimiento ProMag, prelacados en verde&#8230;<\/p>\n<p>[\/et_pb_text][et_pb_blog fullwidth=\u00bboff\u00bb posts_number=\u00bb9&#8243; include_categories=\u00bb33&#8243; show_author=\u00bboff\u00bb _builder_version=\u00bb4.23.4&#8243; header_font=\u00bbRubik|700|||||||\u00bb header_line_height=\u00bb1.4em\u00bb body_font=\u00bb||||||||\u00bb body_line_height=\u00bb1.8em\u00bb meta_font=\u00bbArimo||||||||\u00bb meta_text_color=\u00bbrgba(0,0,0,0.2)\u00bb meta_line_height=\u00bb1.8em\u00bb pagination_font=\u00bbRubik||||||||\u00bb pagination_text_color=\u00bb#ffb400&#8243; pagination_font_size=\u00bb20px\u00bb border_width_all=\u00bb0px\u00bb locked=\u00bboff\u00bb global_colors_info=\u00bb{}\u00bb][\/et_pb_blog][\/et_pb_column][\/et_pb_row][\/et_pb_section][et_pb_section fb_built=\u00bb1&#8243; use_custom_gutter=\u00bbon\u00bb gutter_width=\u00bb1&#8243; specialty=\u00bbon\u00bb background_color_1=\u00bb#ffb400&#8243; padding_top_1=\u00bb80px\u00bb padding_right_1=\u00bb6vw\u00bb padding_bottom_1=\u00bb80px\u00bb padding_left_1=\u00bb6vw\u00bb padding_top_bottom_link_1=\u00bbtrue\u00bb padding_left_right_link_1=\u00bbtrue\u00bb padding_1_tablet=\u00bb|10%||10%||true\u00bb padding_1_phone=\u00bb\u00bb padding_1_last_edited=\u00bbon|phone\u00bb disabled_on=\u00bbon|on|on\u00bb admin_label=\u00bbFooter\u00bb module_class=\u00bb et_pb_specialty_fullwidth\u00bb _builder_version=\u00bb4.16&#8243; inner_width=\u00bb100%\u00bb inner_width_tablet=\u00bb100%\u00bb inner_width_phone=\u00bb100%\u00bb inner_width_last_edited=\u00bbon|desktop\u00bb inner_max_width=\u00bb100%\u00bb inner_max_width_tablet=\u00bb100%\u00bb inner_max_width_phone=\u00bb100%\u00bb inner_max_width_last_edited=\u00bbon|desktop\u00bb custom_padding=\u00bb0px||0px||true\u00bb make_fullwidth=\u00bbon\u00bb disabled=\u00bbon\u00bb global_colors_info=\u00bb{}\u00bb][et_pb_column type=\u00bb1_2&#8243; _builder_version=\u00bb4.16&#8243; background_color=\u00bb#ffb400&#8243; custom_padding=\u00bb|||\u00bb global_colors_info=\u00bb{}\u00bb padding_tablet=\u00bb|10%||10%||true\u00bb padding_last_edited=\u00bbon|phone\u00bb custom_padding__hover=\u00bb|||\u00bb padding_phone=\u00bb|10%||10%||true\u00bb][et_pb_text _builder_version=\u00bb4.16&#8243; text_font=\u00bb||||||||\u00bb header_font=\u00bb||||||||\u00bb header_2_font=\u00bbRubik|700|||||||\u00bb header_2_font_size=\u00bb42px\u00bb header_2_line_height=\u00bb1.2em\u00bb custom_margin=\u00bb|||\u00bb custom_padding=\u00bb|||\u00bb header_2_font_size_tablet=\u00bb\u00bb header_2_font_size_phone=\u00bb36px\u00bb header_2_font_size_last_edited=\u00bbon|phone\u00bb locked=\u00bboff\u00bb global_colors_info=\u00bb{}\u00bb]<\/p>\n<h2>Join Our Newsletter<\/h2>\n<p>[\/et_pb_text][et_pb_divider color=\u00bb#2a2a2a\u00bb divider_position=\u00bbcenter\u00bb divider_weight=\u00bb5px\u00bb _builder_version=\u00bb4.16&#8243; max_width=\u00bb50px\u00bb locked=\u00bboff\u00bb global_colors_info=\u00bb{}\u00bb][\/et_pb_divider][et_pb_signup mailchimp_list=\u00bbSlavaET|efef5f8505&#8243; layout=\u00bbtop_bottom\u00bb button_text=\u00bbSubscribe Now\u00bb _builder_version=\u00bb4.16&#8243; form_field_font=\u00bbArimo||||||||\u00bb form_field_font_size=\u00bb16px\u00bb form_field_line_height=\u00bb1.8em\u00bb use_background_color=\u00bboff\u00bb custom_button=\u00bbon\u00bb button_text_size=\u00bb14px\u00bb button_text_color=\u00bb#ffffff\u00bb button_border_width=\u00bb4px\u00bb button_border_radius=\u00bb0px\u00bb button_letter_spacing=\u00bb4px\u00bb button_font=\u00bbRubik|700||on|||||\u00bb button_icon=\u00bb&#x24;||divi||400&#8243; custom_margin=\u00bb||50px|\u00bb border_radii_fields=\u00bbon|0px|0px|0px|0px\u00bb button_text_color_hover=\u00bb#ffb400&#8243; button_border_color_hover=\u00bb#ffffff\u00bb button_bg_color_hover=\u00bb#ffffff\u00bb locked=\u00bboff\u00bb global_colors_info=\u00bb{}\u00bb button_text_size__hover_enabled=\u00bboff\u00bb button_one_text_size__hover_enabled=\u00bboff\u00bb button_two_text_size__hover_enabled=\u00bboff\u00bb button_text_color__hover_enabled=\u00bbon\u00bb button_text_color__hover=\u00bb#ffb400&#8243; button_one_text_color__hover_enabled=\u00bboff\u00bb button_two_text_color__hover_enabled=\u00bboff\u00bb button_border_width__hover_enabled=\u00bboff\u00bb button_one_border_width__hover_enabled=\u00bboff\u00bb button_two_border_width__hover_enabled=\u00bboff\u00bb button_border_color__hover_enabled=\u00bbon\u00bb button_border_color__hover=\u00bb#ffffff\u00bb button_one_border_color__hover_enabled=\u00bboff\u00bb button_two_border_color__hover_enabled=\u00bboff\u00bb button_border_radius__hover_enabled=\u00bboff\u00bb button_one_border_radius__hover_enabled=\u00bboff\u00bb button_two_border_radius__hover_enabled=\u00bboff\u00bb button_letter_spacing__hover_enabled=\u00bboff\u00bb button_one_letter_spacing__hover_enabled=\u00bboff\u00bb button_two_letter_spacing__hover_enabled=\u00bboff\u00bb button_bg_color__hover_enabled=\u00bbon\u00bb button_bg_color__hover=\u00bb#ffffff\u00bb button_one_bg_color__hover_enabled=\u00bboff\u00bb button_two_bg_color__hover_enabled=\u00bboff\u00bb][\/et_pb_signup][\/et_pb_column][et_pb_column type=\u00bb1_2&#8243; specialty_columns=\u00bb2&#8243; _builder_version=\u00bb4.16&#8243; custom_padding=\u00bb|||\u00bb global_colors_info=\u00bb{}\u00bb custom_padding__hover=\u00bb|||\u00bb][et_pb_row_inner _builder_version=\u00bb4.16&#8243; background_color=\u00bb#2a2a2a\u00bb custom_margin=\u00bb|||\u00bb custom_padding=\u00bb0px||0px||true\u00bb animation_style=\u00bbslide\u00bb animation_direction=\u00bbtop\u00bb animation_intensity_slide=\u00bb10%\u00bb global_colors_info=\u00bb{}\u00bb][et_pb_column_inner saved_specialty_column_type=\u00bb1_2&#8243; _builder_version=\u00bb4.16&#8243; custom_padding=\u00bb|||\u00bb global_colors_info=\u00bb{}\u00bb custom_padding__hover=\u00bb|||\u00bb][et_pb_social_media_follow _builder_version=\u00bb4.16&#8243; text_orientation=\u00bbcenter\u00bb custom_padding=\u00bb40px||40px||true\u00bb locked=\u00bboff\u00bb global_colors_info=\u00bb{}\u00bb][et_pb_social_media_follow_network social_network=\u00bbfacebook\u00bb _builder_version=\u00bb4.16&#8243; custom_padding=\u00bb|10px||10px||true\u00bb global_colors_info=\u00bb{}\u00bb follow_button=\u00bboff\u00bb url_new_window=\u00bbon\u00bb]facebook[\/et_pb_social_media_follow_network][et_pb_social_media_follow_network social_network=\u00bbtwitter\u00bb _builder_version=\u00bb4.16&#8243; custom_padding=\u00bb|10px||10px||true\u00bb global_colors_info=\u00bb{}\u00bb follow_button=\u00bboff\u00bb url_new_window=\u00bbon\u00bb]twitter[\/et_pb_social_media_follow_network][et_pb_social_media_follow_network social_network=\u00bblinkedin\u00bb _builder_version=\u00bb4.16&#8243; custom_padding=\u00bb|10px||10px||true\u00bb global_colors_info=\u00bb{}\u00bb follow_button=\u00bboff\u00bb url_new_window=\u00bbon\u00bb]linkedin[\/et_pb_social_media_follow_network][\/et_pb_social_media_follow][\/et_pb_column_inner][\/et_pb_row_inner][et_pb_row_inner custom_padding_last_edited=\u00bbon|desktop\u00bb _builder_version=\u00bb4.16&#8243; custom_padding=\u00bb80px|6vw|80px|6vw|true|true\u00bb custom_padding_tablet=\u00bb|3vw||3vw||true\u00bb custom_padding_phone=\u00bb\u00bb global_colors_info=\u00bb{}\u00bb][et_pb_column_inner saved_specialty_column_type=\u00bb1_2&#8243; _builder_version=\u00bb4.16&#8243; custom_padding=\u00bb|||\u00bb global_colors_info=\u00bb{}\u00bb custom_padding__hover=\u00bb|||\u00bb][et_pb_blurb title=\u00bbLorem ipsum dolor sit amet consectetur elit.\u00bb use_icon=\u00bbon\u00bb font_icon=\u00bb&#xe081;||divi||400&#8243; icon_color=\u00bb#666666&#8243; icon_placement=\u00bbleft\u00bb image_icon_width=\u00bb18px\u00bb content_max_width=\u00bb1100px\u00bb _builder_version=\u00bb4.16&#8243; header_font=\u00bbRubik||||||||\u00bb header_font_size=\u00bb16px\u00bb header_line_height=\u00bb1.2em\u00bb body_font=\u00bb||||||||\u00bb module_alignment=\u00bbcenter\u00bb custom_margin=\u00bb||20px|\u00bb animation=\u00bboff\u00bb icon_font_size=\u00bb18px\u00bb locked=\u00bboff\u00bb global_colors_info=\u00bb{}\u00bb][\/et_pb_blurb][et_pb_blurb title=\u00bb+00 123 456 7893&#8243; use_icon=\u00bbon\u00bb font_icon=\u00bb&#xe090;||divi||400&#8243; icon_color=\u00bb#666666&#8243; icon_placement=\u00bbleft\u00bb image_icon_width=\u00bb18px\u00bb content_max_width=\u00bb1100px\u00bb _builder_version=\u00bb4.16&#8243; header_font=\u00bbRubik||||||||\u00bb header_font_size=\u00bb16px\u00bb header_line_height=\u00bb1.2em\u00bb body_font=\u00bb||||||||\u00bb module_alignment=\u00bbcenter\u00bb custom_margin=\u00bb||20px|\u00bb animation=\u00bboff\u00bb icon_font_size=\u00bb18px\u00bb locked=\u00bboff\u00bb global_colors_info=\u00bb{}\u00bb][\/et_pb_blurb][et_pb_blurb title=\u00bbdivi-construction@gmail.com\u00bb use_icon=\u00bbon\u00bb font_icon=\u00bb&#xe076;||divi||400&#8243; icon_color=\u00bb#666666&#8243; icon_placement=\u00bbleft\u00bb image_icon_width=\u00bb18px\u00bb content_max_width=\u00bb1100px\u00bb _builder_version=\u00bb4.16&#8243; header_font=\u00bbRubik||||||||\u00bb header_font_size=\u00bb16px\u00bb header_line_height=\u00bb1.2em\u00bb body_font=\u00bb||||||||\u00bb module_alignment=\u00bbcenter\u00bb custom_margin=\u00bb||20px|\u00bb animation=\u00bboff\u00bb icon_font_size=\u00bb18px\u00bb locked=\u00bboff\u00bb global_colors_info=\u00bb{}\u00bb][\/et_pb_blurb][\/et_pb_column_inner][\/et_pb_row_inner][\/et_pb_column][\/et_pb_section]<\/p>\n<span class=\"et_bloom_bottom_trigger\"><\/span>","protected":false},"excerpt":{"rendered":"<p>Dep\u00f3sitos de aguaNovedades y Proyectos de Dep\u00f3sitos de Agua \u00daltimas noticias y proyectos de dep\u00f3sitos de agua desarrollados por Silos Spain: con techo plano, con l\u00e1mina de impermeabilizaci\u00f3n, de chapa con recubrimiento ProMag, prelacados en verde&#8230;Join Our Newsletter<\/p>\n","protected":false},"author":2,"featured_media":36632,"parent":33750,"menu_order":0,"comment_status":"closed","ping_status":"closed","template":"","meta":{"_et_pb_use_builder":"on","_et_pb_old_content":"","_et_gb_content_width":"","footnotes":""},"class_list":["post-36803","page","type-page","status-publish","has-post-thumbnail","hentry"],"yoast_head":"<!-- This site is optimized with the Yoast SEO plugin v27.0 - https:\/\/yoast.com\/product\/yoast-seo-wordpress\/ -->\n<title>Dep\u00f3sitos de agua | Novedades y Proyectos - Silos Spain<\/title>\n<meta name=\"description\" content=\"Noticias y proyectos de dep\u00f3sitos de agua por Silos Spain: con techo plano, con impermeabilizaci\u00f3n, de chapa con ProMag, prelacados en verde\" \/>\n<meta name=\"robots\" content=\"index, follow, max-snippet:-1, max-image-preview:large, max-video-preview:-1\" \/>\n<link rel=\"canonical\" href=\"https:\/\/silosspain.com\/es\/noticias\/depositos-de-agua\/\" \/>\n<meta property=\"og:locale\" content=\"es_ES\" \/>\n<meta property=\"og:type\" content=\"article\" \/>\n<meta property=\"og:title\" content=\"Dep\u00f3sitos de agua | Novedades y Proyectos - Silos Spain\" \/>\n<meta property=\"og:description\" content=\"Noticias y proyectos de dep\u00f3sitos de agua por Silos Spain: con techo plano, con impermeabilizaci\u00f3n, de chapa con ProMag, prelacados en verde\" \/>\n<meta property=\"og:url\" content=\"https:\/\/silosspain.com\/es\/noticias\/depositos-de-agua\/\" \/>\n<meta property=\"og:site_name\" content=\"Silos Spain\" \/>\n<meta property=\"article:modified_time\" content=\"2024-05-18T15:38:59+00:00\" \/>\n<meta property=\"og:image\" content=\"https:\/\/silosspain.com\/wp-content\/uploads\/2024\/05\/deposito-de-agua-1000-metros-cubicos.jpeg\" \/>\n\t<meta property=\"og:image:width\" content=\"800\" \/>\n\t<meta property=\"og:image:height\" content=\"550\" \/>\n\t<meta property=\"og:image:type\" content=\"image\/jpeg\" \/>\n<meta name=\"twitter:card\" content=\"summary_large_image\" \/>\n<meta name=\"twitter:label1\" content=\"Tiempo de lectura\" \/>\n\t<meta name=\"twitter:data1\" content=\"5 minutos\" \/>\n<script type=\"application\/ld+json\" class=\"yoast-schema-graph\">{\"@context\":\"https:\/\/schema.org\",\"@graph\":[{\"@type\":\"WebPage\",\"@id\":\"https:\/\/silosspain.com\/es\/noticias\/depositos-de-agua\/\",\"url\":\"https:\/\/silosspain.com\/es\/noticias\/depositos-de-agua\/\",\"name\":\"Dep\u00f3sitos de agua | Novedades y Proyectos - Silos Spain\",\"isPartOf\":{\"@id\":\"https:\/\/silosspain.com\/#website\"},\"primaryImageOfPage\":{\"@id\":\"https:\/\/silosspain.com\/es\/noticias\/depositos-de-agua\/#primaryimage\"},\"image\":{\"@id\":\"https:\/\/silosspain.com\/es\/noticias\/depositos-de-agua\/#primaryimage\"},\"thumbnailUrl\":\"https:\/\/silosspain.com\/wp-content\/uploads\/2024\/05\/deposito-de-agua-1000-metros-cubicos.jpeg\",\"datePublished\":\"2024-05-17T16:40:41+00:00\",\"dateModified\":\"2024-05-18T15:38:59+00:00\",\"description\":\"Noticias y proyectos de dep\u00f3sitos de agua por Silos Spain: con techo plano, con impermeabilizaci\u00f3n, de chapa con ProMag, prelacados en verde\",\"breadcrumb\":{\"@id\":\"https:\/\/silosspain.com\/es\/noticias\/depositos-de-agua\/#breadcrumb\"},\"inLanguage\":\"es\",\"potentialAction\":[{\"@type\":\"ReadAction\",\"target\":[\"https:\/\/silosspain.com\/es\/noticias\/depositos-de-agua\/\"]}]},{\"@type\":\"ImageObject\",\"inLanguage\":\"es\",\"@id\":\"https:\/\/silosspain.com\/es\/noticias\/depositos-de-agua\/#primaryimage\",\"url\":\"https:\/\/silosspain.com\/wp-content\/uploads\/2024\/05\/deposito-de-agua-1000-metros-cubicos.jpeg\",\"contentUrl\":\"https:\/\/silosspain.com\/wp-content\/uploads\/2024\/05\/deposito-de-agua-1000-metros-cubicos.jpeg\",\"width\":800,\"height\":550},{\"@type\":\"BreadcrumbList\",\"@id\":\"https:\/\/silosspain.com\/es\/noticias\/depositos-de-agua\/#breadcrumb\",\"itemListElement\":[{\"@type\":\"ListItem\",\"position\":1,\"name\":\"Home\",\"item\":\"https:\/\/silosspain.com\/es\/\"},{\"@type\":\"ListItem\",\"position\":2,\"name\":\"Noticias\",\"item\":\"https:\/\/silosspain.com\/es\/noticias\/\"},{\"@type\":\"ListItem\",\"position\":3,\"name\":\"Dep\u00f3sitos de agua\"}]},{\"@type\":\"WebSite\",\"@id\":\"https:\/\/silosspain.com\/#website\",\"url\":\"https:\/\/silosspain.com\/\",\"name\":\"Silos Spain\",\"description\":\"Grain Storage Systems\",\"potentialAction\":[{\"@type\":\"SearchAction\",\"target\":{\"@type\":\"EntryPoint\",\"urlTemplate\":\"https:\/\/silosspain.com\/?s={search_term_string}\"},\"query-input\":{\"@type\":\"PropertyValueSpecification\",\"valueRequired\":true,\"valueName\":\"search_term_string\"}}],\"inLanguage\":\"es\"}]}<\/script>\n<!-- \/ Yoast SEO plugin. -->","yoast_head_json":{"title":"Dep\u00f3sitos de agua | Novedades y Proyectos - Silos Spain","description":"Noticias y proyectos de dep\u00f3sitos de agua por Silos Spain: con techo plano, con impermeabilizaci\u00f3n, de chapa con ProMag, prelacados en verde","robots":{"index":"index","follow":"follow","max-snippet":"max-snippet:-1","max-image-preview":"max-image-preview:large","max-video-preview":"max-video-preview:-1"},"canonical":"https:\/\/silosspain.com\/es\/noticias\/depositos-de-agua\/","og_locale":"es_ES","og_type":"article","og_title":"Dep\u00f3sitos de agua | Novedades y Proyectos - Silos Spain","og_description":"Noticias y proyectos de dep\u00f3sitos de agua por Silos Spain: con techo plano, con impermeabilizaci\u00f3n, de chapa con ProMag, prelacados en verde","og_url":"https:\/\/silosspain.com\/es\/noticias\/depositos-de-agua\/","og_site_name":"Silos Spain","article_modified_time":"2024-05-18T15:38:59+00:00","og_image":[{"width":800,"height":550,"url":"https:\/\/silosspain.com\/wp-content\/uploads\/2024\/05\/deposito-de-agua-1000-metros-cubicos.jpeg","type":"image\/jpeg"}],"twitter_card":"summary_large_image","twitter_misc":{"Tiempo de lectura":"5 minutos"},"schema":{"@context":"https:\/\/schema.org","@graph":[{"@type":"WebPage","@id":"https:\/\/silosspain.com\/es\/noticias\/depositos-de-agua\/","url":"https:\/\/silosspain.com\/es\/noticias\/depositos-de-agua\/","name":"Dep\u00f3sitos de agua | Novedades y Proyectos - Silos Spain","isPartOf":{"@id":"https:\/\/silosspain.com\/#website"},"primaryImageOfPage":{"@id":"https:\/\/silosspain.com\/es\/noticias\/depositos-de-agua\/#primaryimage"},"image":{"@id":"https:\/\/silosspain.com\/es\/noticias\/depositos-de-agua\/#primaryimage"},"thumbnailUrl":"https:\/\/silosspain.com\/wp-content\/uploads\/2024\/05\/deposito-de-agua-1000-metros-cubicos.jpeg","datePublished":"2024-05-17T16:40:41+00:00","dateModified":"2024-05-18T15:38:59+00:00","description":"Noticias y proyectos de dep\u00f3sitos de agua por Silos Spain: con techo plano, con impermeabilizaci\u00f3n, de chapa con ProMag, prelacados en verde","breadcrumb":{"@id":"https:\/\/silosspain.com\/es\/noticias\/depositos-de-agua\/#breadcrumb"},"inLanguage":"es","potentialAction":[{"@type":"ReadAction","target":["https:\/\/silosspain.com\/es\/noticias\/depositos-de-agua\/"]}]},{"@type":"ImageObject","inLanguage":"es","@id":"https:\/\/silosspain.com\/es\/noticias\/depositos-de-agua\/#primaryimage","url":"https:\/\/silosspain.com\/wp-content\/uploads\/2024\/05\/deposito-de-agua-1000-metros-cubicos.jpeg","contentUrl":"https:\/\/silosspain.com\/wp-content\/uploads\/2024\/05\/deposito-de-agua-1000-metros-cubicos.jpeg","width":800,"height":550},{"@type":"BreadcrumbList","@id":"https:\/\/silosspain.com\/es\/noticias\/depositos-de-agua\/#breadcrumb","itemListElement":[{"@type":"ListItem","position":1,"name":"Home","item":"https:\/\/silosspain.com\/es\/"},{"@type":"ListItem","position":2,"name":"Noticias","item":"https:\/\/silosspain.com\/es\/noticias\/"},{"@type":"ListItem","position":3,"name":"Dep\u00f3sitos de agua"}]},{"@type":"WebSite","@id":"https:\/\/silosspain.com\/#website","url":"https:\/\/silosspain.com\/","name":"Silos Spain","description":"Grain Storage Systems","potentialAction":[{"@type":"SearchAction","target":{"@type":"EntryPoint","urlTemplate":"https:\/\/silosspain.com\/?s={search_term_string}"},"query-input":{"@type":"PropertyValueSpecification","valueRequired":true,"valueName":"search_term_string"}}],"inLanguage":"es"}]}},"_links":{"self":[{"href":"https:\/\/silosspain.com\/es\/wp-json\/wp\/v2\/pages\/36803","targetHints":{"allow":["GET"]}}],"collection":[{"href":"https:\/\/silosspain.com\/es\/wp-json\/wp\/v2\/pages"}],"about":[{"href":"https:\/\/silosspain.com\/es\/wp-json\/wp\/v2\/types\/page"}],"author":[{"embeddable":true,"href":"https:\/\/silosspain.com\/es\/wp-json\/wp\/v2\/users\/2"}],"replies":[{"embeddable":true,"href":"https:\/\/silosspain.com\/es\/wp-json\/wp\/v2\/comments?post=36803"}],"version-history":[{"count":5,"href":"https:\/\/silosspain.com\/es\/wp-json\/wp\/v2\/pages\/36803\/revisions"}],"predecessor-version":[{"id":36887,"href":"https:\/\/silosspain.com\/es\/wp-json\/wp\/v2\/pages\/36803\/revisions\/36887"}],"up":[{"embeddable":true,"href":"https:\/\/silosspain.com\/es\/wp-json\/wp\/v2\/pages\/33750"}],"wp:featuredmedia":[{"embeddable":true,"href":"https:\/\/silosspain.com\/es\/wp-json\/wp\/v2\/media\/36632"}],"wp:attachment":[{"href":"https:\/\/silosspain.com\/es\/wp-json\/wp\/v2\/media?parent=36803"}],"curies":[{"name":"wp","href":"https:\/\/api.w.org\/{rel}","templated":true}]}}