{"id":35170,"date":"2023-09-19T13:31:38","date_gmt":"2023-09-19T13:31:38","guid":{"rendered":"https:\/\/silosspain.com\/silos-spain\/competitive-advantages\/"},"modified":"2024-01-29T20:07:58","modified_gmt":"2024-01-29T20:07:58","slug":"ventajas-competitivas","status":"publish","type":"page","link":"https:\/\/silosspain.com\/es\/silos-spain\/ventajas-competitivas\/","title":{"rendered":"Ventajas competitivas"},"content":{"rendered":"<p>[et_pb_section fb_built=\u00bb1&#8243; admin_label=\u00bbHero\u00bb _builder_version=\u00bb4.20.4&#8243; use_background_color_gradient=\u00bbon\u00bb background_color_gradient_type=\u00bbcircular\u00bb background_color_gradient_direction_radial=\u00bbtop left\u00bb background_color_gradient_stops=\u00bbrgba(40,40,40,0.79) 0%|rgba(40,40,40,0.86) 100%\u00bb background_color_gradient_overlays_image=\u00bbon\u00bb background_color_gradient_start=\u00bbrgba(40,40,40,0.79)\u00bb background_color_gradient_end=\u00bbrgba(40,40,40,0.86)\u00bb background_image=\u00bbhttps:\/\/silosspain.com\/wp-content\/uploads\/2023\/09\/silos-spain-competitive-advantages.jpeg\u00bb custom_margin=\u00bb||||false\u00bb custom_padding=\u00bb10vw||10vw||true|false\u00bb locked=\u00bboff\u00bb global_colors_info=\u00bb{}\u00bb][et_pb_row column_structure=\u00bb3_5,2_5&#8243; _builder_version=\u00bb4.20.4&#8243; global_colors_info=\u00bb{}\u00bb][et_pb_column type=\u00bb3_5&#8243; _builder_version=\u00bb4.16&#8243; custom_padding=\u00bb|||\u00bb global_colors_info=\u00bb{}\u00bb custom_padding__hover=\u00bb|||\u00bb][et_pb_text _builder_version=\u00bb4.23.4&#8243; text_font=\u00bb||||||||\u00bb header_font=\u00bbRubik|700|||||||\u00bb header_font_size=\u00bb64px\u00bb header_line_height=\u00bb1.1em\u00bb background_layout=\u00bbdark\u00bb max_width=\u00bb800px\u00bb custom_margin=\u00bb||0px|\u00bb custom_padding=\u00bb|||16px\u00bb text_font_size_tablet=\u00bb14px\u00bb text_font_size_last_edited=\u00bboff|desktop\u00bb header_font_size_tablet=\u00bb44px\u00bb header_font_size_phone=\u00bb32px\u00bb header_font_size_last_edited=\u00bbon|phone\u00bb border_color_all=\u00bb#ffb400&#8243; border_width_left=\u00bb10px\u00bb global_colors_info=\u00bb{}\u00bb]<\/p>\n<h1>Ventajas competitivas<\/h1>\n<p>[\/et_pb_text][\/et_pb_column][et_pb_column type=\u00bb2_5&#8243; _builder_version=\u00bb4.16&#8243; custom_padding=\u00bb|||\u00bb global_colors_info=\u00bb{}\u00bb custom_padding__hover=\u00bb|||\u00bb][et_pb_text _builder_version=\u00bb4.20.4&#8243; text_font=\u00bb||||||||\u00bb text_font_size=\u00bb22px\u00bb text_line_height=\u00bb1.6em\u00bb header_font=\u00bb||||||||\u00bb background_layout=\u00bbdark\u00bb max_width=\u00bb800px\u00bb custom_margin=\u00bb|||\u00bb custom_padding=\u00bb20px||20px||true\u00bb text_font_size_tablet=\u00bb18px\u00bb text_font_size_phone=\u00bb\u00bb text_font_size_last_edited=\u00bbon|phone\u00bb global_colors_info=\u00bb{}\u00bb]<\/p>\n<p><strong>Calidad<\/strong><\/p>\n<p><strong>Seguridad<\/strong><\/p>\n<p><strong>Sostenibilidad<\/strong><\/p>\n<p>[\/et_pb_text][\/et_pb_column][\/et_pb_row][\/et_pb_section][et_pb_section fb_built=\u00bb1&#8243; _builder_version=\u00bb4.20.4&#8243; _module_preset=\u00bbdefault\u00bb global_colors_info=\u00bb{}\u00bb][et_pb_row column_structure=\u00bb2_3,1_3&#8243; _builder_version=\u00bb4.20.4&#8243; _module_preset=\u00bbdefault\u00bb global_colors_info=\u00bb{}\u00bb][et_pb_column type=\u00bb2_3&#8243; _builder_version=\u00bb4.20.4&#8243; _module_preset=\u00bbdefault\u00bb global_colors_info=\u00bb{}\u00bb][et_pb_text _builder_version=\u00bb4.23.4&#8243; text_font=\u00bb||||||||\u00bb text_font_size=\u00bb15px\u00bb text_line_height=\u00bb1.8em\u00bb custom_padding=\u00bb|||\u00bb custom_padding_tablet=\u00bb|40px||40px||true\u00bb custom_padding_last_edited=\u00bboff|desktop\u00bb hover_enabled=\u00bb0&#8243; locked=\u00bboff\u00bb global_colors_info=\u00bb{}\u00bb sticky_enabled=\u00bb0&#8243;]<\/p>\n<h2><strong>Innovador recubrimiento met\u00e1lico ProMag.<\/strong><\/h2>\n<p>Utilizamos <strong>acero de alto l\u00edmite el\u00e1stico<\/strong> desde 350 MPa para las virolas hasta 600 MPa para los refuerzos, con un <strong>innovador recubrimiento met\u00e1lico<\/strong> llamado <strong>ProMag<\/strong>.<\/p>\n<p>En la fabricaci\u00f3n de nuestros silos, usamos exclusivamente chapa con recubrimiento met\u00e1lico ProMag. Esta <strong>revolucionaria aleaci\u00f3n de aluminio, magnesio y zinc<\/strong> proporciona una protecci\u00f3n excepcional en los ambientes m\u00e1s exigentes, al mismo tiempo que prolonga la vida \u00fatil del material. ProMag ofrece una <strong>excelente resistencia a la corrosi\u00f3n<\/strong>, <strong>m\u00e1s de 10 veces mejor que el acero galvanizado<\/strong> y<strong> m\u00e1s de 5 veces mejor que el acero galvanizado Z-600<\/strong> (600gr\/m2), seg\u00fan la Norma ISO 9223.<\/p>\n<p>Adem\u00e1s de sus propiedades t\u00e9cnicas, ProMag es una elecci\u00f3n <strong>medioambientalmente responsable<\/strong>, ya que utiliza una menor cantidad de zinc que los recubrimientos de zinc puro, constituyendo la alternativa m\u00e1s rentable al proceso de post galvanizado.<\/p>\n<p>[\/et_pb_text][\/et_pb_column][et_pb_column type=\u00bb1_3&#8243; _builder_version=\u00bb4.20.4&#8243; _module_preset=\u00bbdefault\u00bb global_colors_info=\u00bb{}\u00bb][et_pb_image src=\u00bbhttps:\/\/silosspain.com\/wp-content\/uploads\/2023\/09\/acero-de-limite-elastico-1.jpeg\u00bb title_text=\u00bbacero-de-limite-elastico-1&#8243; _builder_version=\u00bb4.20.4&#8243; _module_preset=\u00bbdefault\u00bb global_colors_info=\u00bb{}\u00bb][\/et_pb_image][\/et_pb_column][\/et_pb_row][et_pb_row _builder_version=\u00bb4.20.4&#8243; _module_preset=\u00bbdefault\u00bb global_colors_info=\u00bb{}\u00bb][et_pb_column type=\u00bb4_4&#8243; _builder_version=\u00bb4.20.4&#8243; _module_preset=\u00bbdefault\u00bb global_colors_info=\u00bb{}\u00bb][et_pb_image src=\u00bbhttps:\/\/silosspain.com\/wp-content\/uploads\/2023\/09\/tabla-es-1-1024&#215;236-1.jpeg\u00bb title_text=\u00bbtabla-es-1-1024&#215;236&#8243; _builder_version=\u00bb4.20.4&#8243; _module_preset=\u00bbdefault\u00bb animation_style=\u00bbslide\u00bb animation_direction=\u00bbleft\u00bb global_colors_info=\u00bb{}\u00bb][\/et_pb_image][\/et_pb_column][\/et_pb_row][et_pb_row column_structure=\u00bb2_3,1_3&#8243; _builder_version=\u00bb4.20.4&#8243; _module_preset=\u00bbdefault\u00bb global_colors_info=\u00bb{}\u00bb][et_pb_column type=\u00bb2_3&#8243; _builder_version=\u00bb4.20.4&#8243; _module_preset=\u00bbdefault\u00bb global_colors_info=\u00bb{}\u00bb][et_pb_text _builder_version=\u00bb4.23.4&#8243; text_font=\u00bb||||||||\u00bb text_font_size=\u00bb15px\u00bb text_line_height=\u00bb1.8em\u00bb custom_padding=\u00bb|||\u00bb custom_padding_tablet=\u00bb|40px||40px||true\u00bb custom_padding_last_edited=\u00bboff|desktop\u00bb locked=\u00bboff\u00bb global_colors_info=\u00bb{}\u00bb]<\/p>\n<h2><strong>Refuerzos de alto l\u00edmite el\u00e1stico<\/strong><\/h2>\n<p>Nuestros refuerzos de alto l\u00edmite el\u00e1stico fabricado en acero galvanizado<strong>\u00a0mejoran el peso del silo<\/strong>\u00a0lo cual facilita su montaje y optimiza el comportamiento del silo frente a las acciones de agentes externos.<\/p>\n<p>[\/et_pb_text][\/et_pb_column][et_pb_column type=\u00bb1_3&#8243; _builder_version=\u00bb4.20.4&#8243; _module_preset=\u00bbdefault\u00bb global_colors_info=\u00bb{}\u00bb][et_pb_image src=\u00bbhttps:\/\/silosspain.com\/wp-content\/uploads\/2023\/09\/refuerzos-de-alto-limite-elastico.jpeg\u00bb title_text=\u00bbrefuerzos-de-alto-limite-elastico\u00bb _builder_version=\u00bb4.20.4&#8243; _module_preset=\u00bbdefault\u00bb global_colors_info=\u00bb{}\u00bb][\/et_pb_image][\/et_pb_column][\/et_pb_row][et_pb_row column_structure=\u00bb2_3,1_3&#8243; _builder_version=\u00bb4.20.4&#8243; _module_preset=\u00bbdefault\u00bb global_colors_info=\u00bb{}\u00bb][et_pb_column type=\u00bb2_3&#8243; _builder_version=\u00bb4.20.4&#8243; _module_preset=\u00bbdefault\u00bb global_colors_info=\u00bb{}\u00bb][et_pb_text _builder_version=\u00bb4.20.4&#8243; text_font=\u00bb||||||||\u00bb text_font_size=\u00bb15px\u00bb text_line_height=\u00bb1.8em\u00bb custom_padding=\u00bb|||\u00bb custom_padding_tablet=\u00bb|40px||40px||true\u00bb custom_padding_last_edited=\u00bboff|desktop\u00bb locked=\u00bboff\u00bb global_colors_info=\u00bb{}\u00bb]<\/p>\n<h2><strong>Dise\u00f1o de onda con un radio suave.<\/strong><\/h2>\n<p>Dise\u00f1o de onda con un radio suave que permite\u00a0<strong>mayor limpieza del silo y mejora la descarga de material<\/strong>\u00a0sin que queden residuos evitando de esta manera la contaminaci\u00f3n del producto.<\/p>\n<p>[\/et_pb_text][\/et_pb_column][et_pb_column type=\u00bb1_3&#8243; _builder_version=\u00bb4.20.4&#8243; _module_preset=\u00bbdefault\u00bb global_colors_info=\u00bb{}\u00bb][et_pb_image src=\u00bbhttps:\/\/silosspain.com\/wp-content\/uploads\/2023\/09\/diseno-de-onda-2.jpeg\u00bb title_text=\u00bbdisen\u0303o-de-onda-2&#8243; _builder_version=\u00bb4.20.4&#8243; _module_preset=\u00bbdefault\u00bb global_colors_info=\u00bb{}\u00bb][\/et_pb_image][\/et_pb_column][\/et_pb_row][et_pb_row column_structure=\u00bb2_3,1_3&#8243; _builder_version=\u00bb4.20.4&#8243; _module_preset=\u00bbdefault\u00bb global_colors_info=\u00bb{}\u00bb][et_pb_column type=\u00bb2_3&#8243; _builder_version=\u00bb4.20.4&#8243; _module_preset=\u00bbdefault\u00bb global_colors_info=\u00bb{}\u00bb][et_pb_text _builder_version=\u00bb4.20.4&#8243; text_font=\u00bb||||||||\u00bb text_font_size=\u00bb15px\u00bb text_line_height=\u00bb1.8em\u00bb custom_padding=\u00bb|||\u00bb custom_padding_tablet=\u00bb|40px||40px||true\u00bb custom_padding_last_edited=\u00bboff|desktop\u00bb locked=\u00bboff\u00bb global_colors_info=\u00bb{}\u00bb]<\/p>\n<h2><strong>Por qu\u00e9 comprar EUROC\u00d3DIGO.<\/strong><\/h2>\n<p>Las dos normativas actuales m\u00e1s utilizadas a nivel mundial para el c\u00e1lculo de silos son la europea\u00a0<strong>EUROCODIGO\u00a0<\/strong>y la estadounidense ANSI. Ambas normativas, aunque presentan resultados v\u00e1lidos y contrastados en todo el mundo, tienen bases de c\u00e1lculo distintas. Es una realidad que los silos dise\u00f1ados con normativa EUROCODIGO<strong>\u00a0son m\u00e1s robustos.<\/strong>\u00a0El incremento en peso se traduce en un\u00a0<strong>aumento de su grado de seguridad y fiabilidad.<\/strong> Esto, unido a los excelentes materiales y recubrimientos utilizados por Silos Spain,<strong>\u00a0incrementa la vida \u00fatil de su instalaci\u00f3n<\/strong>\u00a0aumentando su rentabilidad.<\/p>\n<p>[\/et_pb_text][\/et_pb_column][et_pb_column type=\u00bb1_3&#8243; _builder_version=\u00bb4.20.4&#8243; _module_preset=\u00bbdefault\u00bb global_colors_info=\u00bb{}\u00bb][et_pb_image src=\u00bbhttps:\/\/silosspain.com\/wp-content\/uploads\/2023\/09\/vias-de-acceso-normativa-uneeniso-2-1.jpeg\u00bb title_text=\u00bbvias-de-acceso-normativa-uneeniso-2-1&#8243; _builder_version=\u00bb4.20.4&#8243; _module_preset=\u00bbdefault\u00bb global_colors_info=\u00bb{}\u00bb][\/et_pb_image][\/et_pb_column][\/et_pb_row][et_pb_row column_structure=\u00bb2_3,1_3&#8243; _builder_version=\u00bb4.20.4&#8243; _module_preset=\u00bbdefault\u00bb global_colors_info=\u00bb{}\u00bb][et_pb_column type=\u00bb2_3&#8243; _builder_version=\u00bb4.20.4&#8243; _module_preset=\u00bbdefault\u00bb global_colors_info=\u00bb{}\u00bb][et_pb_text _builder_version=\u00bb4.20.4&#8243; text_font=\u00bb||||||||\u00bb text_font_size=\u00bb15px\u00bb text_line_height=\u00bb1.8em\u00bb custom_padding=\u00bb|||\u00bb custom_padding_tablet=\u00bb|40px||40px||true\u00bb custom_padding_last_edited=\u00bboff|desktop\u00bb locked=\u00bboff\u00bb global_colors_info=\u00bb{}\u00bb]<\/p>\n<h2><strong>Sistemas de protecci\u00f3n de techo.<\/strong><\/h2>\n<p>Todas las v\u00edas de acceso y mantenimiento de nuestros silos han sido concebidas pensando en la\u00a0<strong>seguridad y ergonom\u00eda del usuario<\/strong>\u00a0y est\u00e1n<strong>\u00a0dise\u00f1adas de acuerdo a la normativa UNE-EN ISO 14122-2.<\/strong><\/p>\n<p>Para instalaciones en zonas climatol\u00f3gicas extremas disponemos de\u00a0<strong>sistemas de protec ci\u00f3n de techo<\/strong> que evitan tanto la entrada de nieve en el silo a trav\u00e9s de las chimeneas, como su acumulaci\u00f3n en zonas susceptibles a ello.Todos nuestros silos incorporan protecciones para evitar la entrada de p\u00e1jaros al interior del silo.<\/p>\n<p>[\/et_pb_text][\/et_pb_column][et_pb_column type=\u00bb1_3&#8243; _builder_version=\u00bb4.20.4&#8243; _module_preset=\u00bbdefault\u00bb global_colors_info=\u00bb{}\u00bb][et_pb_image src=\u00bbhttps:\/\/silosspain.com\/wp-content\/uploads\/2023\/09\/sistema-de-proteccion-techos-1-1.jpeg\u00bb title_text=\u00bbsistema-de-proteccion-techos-1-1&#8243; _builder_version=\u00bb4.20.4&#8243; _module_preset=\u00bbdefault\u00bb global_colors_info=\u00bb{}\u00bb][\/et_pb_image][\/et_pb_column][\/et_pb_row][et_pb_row column_structure=\u00bb2_3,1_3&#8243; _builder_version=\u00bb4.20.4&#8243; _module_preset=\u00bbdefault\u00bb global_colors_info=\u00bb{}\u00bb][et_pb_column type=\u00bb2_3&#8243; _builder_version=\u00bb4.20.4&#8243; _module_preset=\u00bbdefault\u00bb global_colors_info=\u00bb{}\u00bb][et_pb_text _builder_version=\u00bb4.20.4&#8243; text_font=\u00bb||||||||\u00bb text_font_size=\u00bb15px\u00bb text_line_height=\u00bb1.8em\u00bb custom_padding=\u00bb|||\u00bb custom_padding_tablet=\u00bb|40px||40px||true\u00bb custom_padding_last_edited=\u00bboff|desktop\u00bb locked=\u00bboff\u00bb global_colors_info=\u00bb{}\u00bb]<\/p>\n<h2><strong>Calidad de la torniller\u00eda.<\/strong><\/h2>\n<p>Instalamos en todos los silos<strong>\u00a0torniller\u00eda de calidad m\u00ednimo 8.8<\/strong>\u00a0y en<strong>\u00a03 recubrimientos diferentes seg\u00fan las necesidades geogr\u00e1ficas<\/strong>\u00a0de la instalaci\u00f3n. Ambientes salinos: torniller\u00eda geomet + sellante para una resistencia a la corrosi\u00f3n de 1000 h en c\u00e1mara de niebla salina. Ambientes no salinos: torniller\u00eda bicromatado + sellante para una resistencia a la corrosi\u00f3n de 400-500 h en c\u00e1mara de niebla salina. Bajo petici\u00f3n: torniller\u00eda galvanizada en caliente con espesor medio m\u00ednimo de recubrimiento de 40-50 micras seg\u00fan normativa de galvanizaci\u00f3n.<\/p>\n<p>&nbsp;<\/p>\n<p>[\/et_pb_text][\/et_pb_column][et_pb_column type=\u00bb1_3&#8243; _builder_version=\u00bb4.20.4&#8243; _module_preset=\u00bbdefault\u00bb global_colors_info=\u00bb{}\u00bb][et_pb_image src=\u00bbhttps:\/\/silosspain.com\/wp-content\/uploads\/2023\/09\/tornilleria-calidad-1.jpeg\u00bb title_text=\u00bbtornilleria-calidad-1&#8243; _builder_version=\u00bb4.20.4&#8243; _module_preset=\u00bbdefault\u00bb global_colors_info=\u00bb{}\u00bb][\/et_pb_image][\/et_pb_column][\/et_pb_row][et_pb_row column_structure=\u00bb2_3,1_3&#8243; _builder_version=\u00bb4.20.4&#8243; _module_preset=\u00bbdefault\u00bb global_colors_info=\u00bb{}\u00bb][et_pb_column type=\u00bb2_3&#8243; _builder_version=\u00bb4.20.4&#8243; _module_preset=\u00bbdefault\u00bb global_colors_info=\u00bb{}\u00bb][et_pb_text _builder_version=\u00bb4.20.4&#8243; text_font=\u00bb||||||||\u00bb text_font_size=\u00bb15px\u00bb text_line_height=\u00bb1.8em\u00bb custom_padding=\u00bb|||\u00bb custom_padding_tablet=\u00bb|40px||40px||true\u00bb custom_padding_last_edited=\u00bboff|desktop\u00bb locked=\u00bboff\u00bb global_colors_info=\u00bb{}\u00bb]<\/p>\n<div class=\"et_pb_module et_pb_text et_pb_text_4  et_pb_text_align_left et_pb_bg_layout_light\">\n<h2 class=\"et_pb_text_inner\"><strong>Exigencias de calidad y seguridad<br \/><\/strong><\/h2>\n<\/div>\n<div class=\"et_pb_module et_pb_text et_pb_text_5  et_pb_text_align_left et_pb_bg_layout_light\">\n<div class=\"et_pb_text_inner\">\n<p>Nuestra maquinaria de transporte cumple con todas las exigencias de calidad y seguridad:<\/p>\n<ul>\n<li>Est\u00e1 realizada en material galvanizado proporcionando una protecci\u00f3n inmejorable a la intemperie.<\/li>\n<li>Su construcci\u00f3n es atornillada y modular.<\/li>\n<li>Su rendimiento est\u00e1 garantizado.<\/li>\n<li>Empleamos primeras marcas de accionamientos.<\/li>\n<li>Su fiabilidad est\u00e1 asegurada gracias a la sencillez mec\u00e1nica y la calidad de los componentes.<\/li>\n<li>Es silenciosa y segura.<\/li>\n<li>Seg\u00fan las necesidades cumplimos con las normativas de seguridad requeridas: Directiva de m\u00e1quinas. Normas para la comercializaci\u00f3n y puesta en servicio de m\u00e1quina. Directiva sobre los aparatos y sistemas de protecci\u00f3n para uso de atm\u00f3sferas potencialmente explosivas. Norma de seguridad de las m\u00e1quinas, principios generales para el dise\u00f1o y evaluaci\u00f3n de riesgo y reducci\u00f3n del riesgo. Equipamiento y sistemas de manutenci\u00f3n continua, requisitos de seguridad y compatibilidad electromagn\u00e9tica. Seguridad de las m\u00e1quinas. Medios de acceso permanente a m\u00e1quinas e instalaciones industriales. Directiva de baja tensi\u00f3n.<\/li>\n<\/ul>\n<\/div>\n<\/div>\n<p>&nbsp;<\/p>\n<p>[\/et_pb_text][\/et_pb_column][et_pb_column type=\u00bb1_3&#8243; _builder_version=\u00bb4.20.4&#8243; _module_preset=\u00bbdefault\u00bb global_colors_info=\u00bb{}\u00bb][et_pb_image src=\u00bbhttps:\/\/silosspain.com\/wp-content\/uploads\/2023\/09\/maquinaria-transporte-silos-spain.jpeg\u00bb title_text=\u00bbmaquinaria-transporte-silos-spain\u00bb _builder_version=\u00bb4.20.4&#8243; _module_preset=\u00bbdefault\u00bb global_colors_info=\u00bb{}\u00bb][\/et_pb_image][\/et_pb_column][\/et_pb_row][\/et_pb_section]<\/p>\n<span class=\"et_bloom_bottom_trigger\"><\/span>","protected":false},"excerpt":{"rendered":"<p>Ventajas competitivasCalidad Seguridad SostenibilidadInnovador recubrimiento met\u00e1lico ProMag. Utilizamos acero de alto l\u00edmite el\u00e1stico desde 350 MPa para las virolas hasta 600 MPa para los refuerzos, con un innovador recubrimiento met\u00e1lico llamado ProMag. En la fabricaci\u00f3n de nuestros silos, usamos exclusivamente chapa con recubrimiento met\u00e1lico ProMag. Esta revolucionaria aleaci\u00f3n de aluminio, magnesio y zinc proporciona una [&hellip;]<\/p>\n","protected":false},"author":2,"featured_media":0,"parent":33709,"menu_order":0,"comment_status":"closed","ping_status":"closed","template":"","meta":{"_et_pb_use_builder":"on","_et_pb_old_content":"","_et_gb_content_width":"","footnotes":""},"class_list":["post-35170","page","type-page","status-publish","hentry"],"yoast_head":"<!-- This site is optimized with the Yoast SEO plugin v27.0 - https:\/\/yoast.com\/product\/yoast-seo-wordpress\/ -->\n<title>Ventajas competitivas - Silos Spain<\/title>\n<meta name=\"robots\" content=\"index, follow, max-snippet:-1, max-image-preview:large, max-video-preview:-1\" \/>\n<link rel=\"canonical\" href=\"https:\/\/silosspain.com\/es\/silos-spain\/ventajas-competitivas\/\" \/>\n<meta property=\"og:locale\" content=\"es_ES\" \/>\n<meta property=\"og:type\" content=\"article\" \/>\n<meta property=\"og:title\" content=\"Ventajas competitivas - Silos Spain\" \/>\n<meta property=\"og:description\" content=\"Ventajas competitivasCalidad Seguridad SostenibilidadInnovador recubrimiento met\u00e1lico ProMag. Utilizamos acero de alto l\u00edmite el\u00e1stico desde 350 MPa para las virolas hasta 600 MPa para los refuerzos, con un innovador recubrimiento met\u00e1lico llamado ProMag. En la fabricaci\u00f3n de nuestros silos, usamos exclusivamente chapa con recubrimiento met\u00e1lico ProMag. Esta revolucionaria aleaci\u00f3n de aluminio, magnesio y zinc proporciona una [&hellip;]\" \/>\n<meta property=\"og:url\" content=\"https:\/\/silosspain.com\/es\/silos-spain\/ventajas-competitivas\/\" \/>\n<meta property=\"og:site_name\" content=\"Silos Spain\" \/>\n<meta property=\"article:modified_time\" content=\"2024-01-29T20:07:58+00:00\" \/>\n<meta name=\"twitter:card\" content=\"summary_large_image\" \/>\n<meta name=\"twitter:label1\" content=\"Tiempo de lectura\" \/>\n\t<meta name=\"twitter:data1\" content=\"5 minutos\" \/>\n<script type=\"application\/ld+json\" class=\"yoast-schema-graph\">{\"@context\":\"https:\/\/schema.org\",\"@graph\":[{\"@type\":\"WebPage\",\"@id\":\"https:\/\/silosspain.com\/es\/silos-spain\/ventajas-competitivas\/\",\"url\":\"https:\/\/silosspain.com\/es\/silos-spain\/ventajas-competitivas\/\",\"name\":\"Ventajas competitivas - Silos Spain\",\"isPartOf\":{\"@id\":\"https:\/\/silosspain.com\/#website\"},\"datePublished\":\"2023-09-19T13:31:38+00:00\",\"dateModified\":\"2024-01-29T20:07:58+00:00\",\"breadcrumb\":{\"@id\":\"https:\/\/silosspain.com\/es\/silos-spain\/ventajas-competitivas\/#breadcrumb\"},\"inLanguage\":\"es\",\"potentialAction\":[{\"@type\":\"ReadAction\",\"target\":[\"https:\/\/silosspain.com\/es\/silos-spain\/ventajas-competitivas\/\"]}]},{\"@type\":\"BreadcrumbList\",\"@id\":\"https:\/\/silosspain.com\/es\/silos-spain\/ventajas-competitivas\/#breadcrumb\",\"itemListElement\":[{\"@type\":\"ListItem\",\"position\":1,\"name\":\"Home\",\"item\":\"https:\/\/silosspain.com\/es\/\"},{\"@type\":\"ListItem\",\"position\":2,\"name\":\"Silos Spain\",\"item\":\"https:\/\/silosspain.com\/es\/\"},{\"@type\":\"ListItem\",\"position\":3,\"name\":\"Ventajas competitivas\"}]},{\"@type\":\"WebSite\",\"@id\":\"https:\/\/silosspain.com\/#website\",\"url\":\"https:\/\/silosspain.com\/\",\"name\":\"Silos Spain\",\"description\":\"Grain Storage Systems\",\"potentialAction\":[{\"@type\":\"SearchAction\",\"target\":{\"@type\":\"EntryPoint\",\"urlTemplate\":\"https:\/\/silosspain.com\/?s={search_term_string}\"},\"query-input\":{\"@type\":\"PropertyValueSpecification\",\"valueRequired\":true,\"valueName\":\"search_term_string\"}}],\"inLanguage\":\"es\"}]}<\/script>\n<!-- \/ Yoast SEO plugin. -->","yoast_head_json":{"title":"Ventajas competitivas - Silos Spain","robots":{"index":"index","follow":"follow","max-snippet":"max-snippet:-1","max-image-preview":"max-image-preview:large","max-video-preview":"max-video-preview:-1"},"canonical":"https:\/\/silosspain.com\/es\/silos-spain\/ventajas-competitivas\/","og_locale":"es_ES","og_type":"article","og_title":"Ventajas competitivas - Silos Spain","og_description":"Ventajas competitivasCalidad Seguridad SostenibilidadInnovador recubrimiento met\u00e1lico ProMag. Utilizamos acero de alto l\u00edmite el\u00e1stico desde 350 MPa para las virolas hasta 600 MPa para los refuerzos, con un innovador recubrimiento met\u00e1lico llamado ProMag. En la fabricaci\u00f3n de nuestros silos, usamos exclusivamente chapa con recubrimiento met\u00e1lico ProMag. Esta revolucionaria aleaci\u00f3n de aluminio, magnesio y zinc proporciona una [&hellip;]","og_url":"https:\/\/silosspain.com\/es\/silos-spain\/ventajas-competitivas\/","og_site_name":"Silos Spain","article_modified_time":"2024-01-29T20:07:58+00:00","twitter_card":"summary_large_image","twitter_misc":{"Tiempo de lectura":"5 minutos"},"schema":{"@context":"https:\/\/schema.org","@graph":[{"@type":"WebPage","@id":"https:\/\/silosspain.com\/es\/silos-spain\/ventajas-competitivas\/","url":"https:\/\/silosspain.com\/es\/silos-spain\/ventajas-competitivas\/","name":"Ventajas competitivas - Silos Spain","isPartOf":{"@id":"https:\/\/silosspain.com\/#website"},"datePublished":"2023-09-19T13:31:38+00:00","dateModified":"2024-01-29T20:07:58+00:00","breadcrumb":{"@id":"https:\/\/silosspain.com\/es\/silos-spain\/ventajas-competitivas\/#breadcrumb"},"inLanguage":"es","potentialAction":[{"@type":"ReadAction","target":["https:\/\/silosspain.com\/es\/silos-spain\/ventajas-competitivas\/"]}]},{"@type":"BreadcrumbList","@id":"https:\/\/silosspain.com\/es\/silos-spain\/ventajas-competitivas\/#breadcrumb","itemListElement":[{"@type":"ListItem","position":1,"name":"Home","item":"https:\/\/silosspain.com\/es\/"},{"@type":"ListItem","position":2,"name":"Silos Spain","item":"https:\/\/silosspain.com\/es\/"},{"@type":"ListItem","position":3,"name":"Ventajas competitivas"}]},{"@type":"WebSite","@id":"https:\/\/silosspain.com\/#website","url":"https:\/\/silosspain.com\/","name":"Silos Spain","description":"Grain Storage Systems","potentialAction":[{"@type":"SearchAction","target":{"@type":"EntryPoint","urlTemplate":"https:\/\/silosspain.com\/?s={search_term_string}"},"query-input":{"@type":"PropertyValueSpecification","valueRequired":true,"valueName":"search_term_string"}}],"inLanguage":"es"}]}},"_links":{"self":[{"href":"https:\/\/silosspain.com\/es\/wp-json\/wp\/v2\/pages\/35170","targetHints":{"allow":["GET"]}}],"collection":[{"href":"https:\/\/silosspain.com\/es\/wp-json\/wp\/v2\/pages"}],"about":[{"href":"https:\/\/silosspain.com\/es\/wp-json\/wp\/v2\/types\/page"}],"author":[{"embeddable":true,"href":"https:\/\/silosspain.com\/es\/wp-json\/wp\/v2\/users\/2"}],"replies":[{"embeddable":true,"href":"https:\/\/silosspain.com\/es\/wp-json\/wp\/v2\/comments?post=35170"}],"version-history":[{"count":11,"href":"https:\/\/silosspain.com\/es\/wp-json\/wp\/v2\/pages\/35170\/revisions"}],"predecessor-version":[{"id":35807,"href":"https:\/\/silosspain.com\/es\/wp-json\/wp\/v2\/pages\/35170\/revisions\/35807"}],"up":[{"embeddable":true,"href":"https:\/\/silosspain.com\/es\/wp-json\/wp\/v2\/pages\/33709"}],"wp:attachment":[{"href":"https:\/\/silosspain.com\/es\/wp-json\/wp\/v2\/media?parent=35170"}],"curies":[{"name":"wp","href":"https:\/\/api.w.org\/{rel}","templated":true}]}}