{"id":34031,"date":"2023-03-24T13:26:47","date_gmt":"2023-03-24T13:26:47","guid":{"rendered":"https:\/\/silosspain.com\/privacy-policy\/"},"modified":"2023-04-04T08:39:30","modified_gmt":"2023-04-04T08:39:30","slug":"politica-de-privacidad","status":"publish","type":"page","link":"https:\/\/silosspain.com\/es\/politica-de-privacidad\/","title":{"rendered":"Pol\u00edtica de privacidad"},"content":{"rendered":"<p>T\u00e9rminos<\/p>\r\n<p>&nbsp;<\/p>\r\n<p>Los datos personales facilitados a URBAS GRUPO FINANCIERO, S.A. o a cualquiera de las sociedades que conforman su grupo (en adelante URBAS) por el Usuario o Cliente, ahora o en el futuro, ser\u00e1n registrados en ficheros de URBAS con la finalidad de su utilizaci\u00f3n por la propia sociedad, de conformidad con lo establecido a continuaci\u00f3n:<\/p>\r\n<p>&nbsp;<\/p>\r\n<ol>\r\n<li>URBAS utilizar\u00e1 dichos datos para:<\/li>\r\n<\/ol>\r\n<p>&nbsp;<\/p>\r\n<ol>\r\n<li>a) Gestionar el registro del Usuario.<\/li>\r\n<\/ol>\r\n<p>&nbsp;<\/p>\r\n<ol>\r\n<li>b) La realizaci\u00f3n de segmentaciones o perfiles de cliente, con fines comerciales a efectos de adaptar los productos o servicios a necesidades o caracter\u00edsticas espec\u00edficas, as\u00ed como con fines de an\u00e1lisis de riesgos para el an\u00e1lisis de operaciones en las que intervenga el Usuario, en ambos supuestos conservando dichas segmentaciones o perfiles en tanto en cuanto la operaci\u00f3n llegue, en su caso, a formalizarse, pudiendo oponerse en cualquier momento a dicho tratamiento.<\/li>\r\n<\/ol>\r\n<p>&nbsp;<\/p>\r\n<ol>\r\n<li>c) Para cualesquiera otras finalidades no incompatibles con las especificadas anteriormente.<\/li>\r\n<\/ol>\r\n<p>&nbsp;<\/p>\r\n<ol start=\"2\">\r\n<li>El Usuario podr\u00e1 ejercitar gratuitamente, tanto en el domicilio social arriba expuesto en cualquiera de las oficinas de la promotora, los derechos de acceso, rectificaci\u00f3n, cancelaci\u00f3n y oposici\u00f3n de los datos.<\/li>\r\n<\/ol>\r\n<p>&nbsp;<\/p>\r\n<ol start=\"3\">\r\n<li>El Usuario autoriza a URBAS para que sus datos personales anteriormente facilitados relativos a N.I.F\/D.N.I., Sexo, Fecha de Nacimiento y Provincia de su Domicilio, pueda cederlos y\/o interconectarlos a cualquiera de las sociedades que conforman el Grupo URBAS. El presente consentimiento es revocable en todo momento sin efectos retroactivos<\/li>\r\n<\/ol>\r\n<span class=\"et_bloom_bottom_trigger\"><\/span>","protected":false},"excerpt":{"rendered":"<p>T\u00e9rminos &nbsp; Los datos personales facilitados a URBAS GRUPO FINANCIERO, S.A. o a cualquiera de las sociedades que conforman su grupo (en adelante URBAS) por el Usuario o Cliente, ahora o en el futuro, ser\u00e1n registrados en ficheros de URBAS con la finalidad de su utilizaci\u00f3n por la propia sociedad, de conformidad con lo establecido [&hellip;]<\/p>\n","protected":false},"author":1,"featured_media":0,"parent":0,"menu_order":0,"comment_status":"closed","ping_status":"open","template":"","meta":{"_et_pb_use_builder":"","_et_pb_old_content":"","_et_gb_content_width":"","footnotes":""},"class_list":["post-34031","page","type-page","status-publish","hentry"],"yoast_head":"<!-- This site is optimized with the Yoast SEO plugin v27.0 - https:\/\/yoast.com\/product\/yoast-seo-wordpress\/ -->\n<title>Pol\u00edtica de privacidad - Silos Spain<\/title>\n<meta name=\"robots\" content=\"index, follow, max-snippet:-1, max-image-preview:large, max-video-preview:-1\" \/>\n<link rel=\"canonical\" href=\"https:\/\/silosspain.com\/es\/politica-de-privacidad\/\" \/>\n<meta property=\"og:locale\" content=\"es_ES\" \/>\n<meta property=\"og:type\" content=\"article\" \/>\n<meta property=\"og:title\" content=\"Pol\u00edtica de privacidad - Silos Spain\" \/>\n<meta property=\"og:description\" content=\"T\u00e9rminos &nbsp; Los datos personales facilitados a URBAS GRUPO FINANCIERO, S.A. o a cualquiera de las sociedades que conforman su grupo (en adelante URBAS) por el Usuario o Cliente, ahora o en el futuro, ser\u00e1n registrados en ficheros de URBAS con la finalidad de su utilizaci\u00f3n por la propia sociedad, de conformidad con lo establecido [&hellip;]\" \/>\n<meta property=\"og:url\" content=\"https:\/\/silosspain.com\/es\/politica-de-privacidad\/\" \/>\n<meta property=\"og:site_name\" content=\"Silos Spain\" \/>\n<meta property=\"article:modified_time\" content=\"2023-04-04T08:39:30+00:00\" \/>\n<meta name=\"twitter:card\" content=\"summary_large_image\" \/>\n<meta name=\"twitter:label1\" content=\"Tiempo de lectura\" \/>\n\t<meta name=\"twitter:data1\" content=\"1 minuto\" \/>\n<script type=\"application\/ld+json\" class=\"yoast-schema-graph\">{\"@context\":\"https:\/\/schema.org\",\"@graph\":[{\"@type\":\"WebPage\",\"@id\":\"https:\/\/silosspain.com\/es\/politica-de-privacidad\/\",\"url\":\"https:\/\/silosspain.com\/es\/politica-de-privacidad\/\",\"name\":\"Pol\u00edtica de privacidad - Silos Spain\",\"isPartOf\":{\"@id\":\"https:\/\/silosspain.com\/#website\"},\"datePublished\":\"2023-03-24T13:26:47+00:00\",\"dateModified\":\"2023-04-04T08:39:30+00:00\",\"breadcrumb\":{\"@id\":\"https:\/\/silosspain.com\/es\/politica-de-privacidad\/#breadcrumb\"},\"inLanguage\":\"es\",\"potentialAction\":[{\"@type\":\"ReadAction\",\"target\":[\"https:\/\/silosspain.com\/es\/politica-de-privacidad\/\"]}]},{\"@type\":\"BreadcrumbList\",\"@id\":\"https:\/\/silosspain.com\/es\/politica-de-privacidad\/#breadcrumb\",\"itemListElement\":[{\"@type\":\"ListItem\",\"position\":1,\"name\":\"Home\",\"item\":\"https:\/\/silosspain.com\/es\/\"},{\"@type\":\"ListItem\",\"position\":2,\"name\":\"Pol\u00edtica de privacidad\"}]},{\"@type\":\"WebSite\",\"@id\":\"https:\/\/silosspain.com\/#website\",\"url\":\"https:\/\/silosspain.com\/\",\"name\":\"Silos Spain\",\"description\":\"Grain Storage Systems\",\"potentialAction\":[{\"@type\":\"SearchAction\",\"target\":{\"@type\":\"EntryPoint\",\"urlTemplate\":\"https:\/\/silosspain.com\/?s={search_term_string}\"},\"query-input\":{\"@type\":\"PropertyValueSpecification\",\"valueRequired\":true,\"valueName\":\"search_term_string\"}}],\"inLanguage\":\"es\"}]}<\/script>\n<!-- \/ Yoast SEO plugin. -->","yoast_head_json":{"title":"Pol\u00edtica de privacidad - Silos Spain","robots":{"index":"index","follow":"follow","max-snippet":"max-snippet:-1","max-image-preview":"max-image-preview:large","max-video-preview":"max-video-preview:-1"},"canonical":"https:\/\/silosspain.com\/es\/politica-de-privacidad\/","og_locale":"es_ES","og_type":"article","og_title":"Pol\u00edtica de privacidad - Silos Spain","og_description":"T\u00e9rminos &nbsp; Los datos personales facilitados a URBAS GRUPO FINANCIERO, S.A. o a cualquiera de las sociedades que conforman su grupo (en adelante URBAS) por el Usuario o Cliente, ahora o en el futuro, ser\u00e1n registrados en ficheros de URBAS con la finalidad de su utilizaci\u00f3n por la propia sociedad, de conformidad con lo establecido [&hellip;]","og_url":"https:\/\/silosspain.com\/es\/politica-de-privacidad\/","og_site_name":"Silos Spain","article_modified_time":"2023-04-04T08:39:30+00:00","twitter_card":"summary_large_image","twitter_misc":{"Tiempo de lectura":"1 minuto"},"schema":{"@context":"https:\/\/schema.org","@graph":[{"@type":"WebPage","@id":"https:\/\/silosspain.com\/es\/politica-de-privacidad\/","url":"https:\/\/silosspain.com\/es\/politica-de-privacidad\/","name":"Pol\u00edtica de privacidad - Silos Spain","isPartOf":{"@id":"https:\/\/silosspain.com\/#website"},"datePublished":"2023-03-24T13:26:47+00:00","dateModified":"2023-04-04T08:39:30+00:00","breadcrumb":{"@id":"https:\/\/silosspain.com\/es\/politica-de-privacidad\/#breadcrumb"},"inLanguage":"es","potentialAction":[{"@type":"ReadAction","target":["https:\/\/silosspain.com\/es\/politica-de-privacidad\/"]}]},{"@type":"BreadcrumbList","@id":"https:\/\/silosspain.com\/es\/politica-de-privacidad\/#breadcrumb","itemListElement":[{"@type":"ListItem","position":1,"name":"Home","item":"https:\/\/silosspain.com\/es\/"},{"@type":"ListItem","position":2,"name":"Pol\u00edtica de privacidad"}]},{"@type":"WebSite","@id":"https:\/\/silosspain.com\/#website","url":"https:\/\/silosspain.com\/","name":"Silos Spain","description":"Grain Storage Systems","potentialAction":[{"@type":"SearchAction","target":{"@type":"EntryPoint","urlTemplate":"https:\/\/silosspain.com\/?s={search_term_string}"},"query-input":{"@type":"PropertyValueSpecification","valueRequired":true,"valueName":"search_term_string"}}],"inLanguage":"es"}]}},"_links":{"self":[{"href":"https:\/\/silosspain.com\/es\/wp-json\/wp\/v2\/pages\/34031","targetHints":{"allow":["GET"]}}],"collection":[{"href":"https:\/\/silosspain.com\/es\/wp-json\/wp\/v2\/pages"}],"about":[{"href":"https:\/\/silosspain.com\/es\/wp-json\/wp\/v2\/types\/page"}],"author":[{"embeddable":true,"href":"https:\/\/silosspain.com\/es\/wp-json\/wp\/v2\/users\/1"}],"replies":[{"embeddable":true,"href":"https:\/\/silosspain.com\/es\/wp-json\/wp\/v2\/comments?post=34031"}],"version-history":[{"count":1,"href":"https:\/\/silosspain.com\/es\/wp-json\/wp\/v2\/pages\/34031\/revisions"}],"predecessor-version":[{"id":34032,"href":"https:\/\/silosspain.com\/es\/wp-json\/wp\/v2\/pages\/34031\/revisions\/34032"}],"wp:attachment":[{"href":"https:\/\/silosspain.com\/es\/wp-json\/wp\/v2\/media?parent=34031"}],"curies":[{"name":"wp","href":"https:\/\/api.w.org\/{rel}","templated":true}]}}