{"id":33883,"date":"2023-03-25T22:24:22","date_gmt":"2023-03-25T22:24:22","guid":{"rendered":"https:\/\/silosspain.com\/silos\/silos-elevados\/"},"modified":"2023-05-02T15:08:29","modified_gmt":"2023-05-02T15:08:29","slug":"silos-elevados","status":"publish","type":"page","link":"https:\/\/silosspain.com\/es\/silos\/silos-elevados\/","title":{"rendered":"Silos elevados"},"content":{"rendered":"<p>[et_pb_section fb_built=\u00bb1&#8243; admin_label=\u00bbHero\u00bb _builder_version=\u00bb4.20.2&#8243; use_background_color_gradient=\u00bbon\u00bb background_color_gradient_type=\u00bbcircular\u00bb background_color_gradient_direction_radial=\u00bbtop left\u00bb background_color_gradient_stops=\u00bbrgba(40,40,40,0.79) 0%|rgba(40,40,40,0.86) 100%\u00bb background_color_gradient_overlays_image=\u00bbon\u00bb background_color_gradient_start=\u00bbrgba(40,40,40,0.79)\u00bb background_color_gradient_end=\u00bbrgba(40,40,40,0.86)\u00bb background_image=\u00bbhttps:\/\/silosspain.com\/wp-content\/uploads\/2023\/03\/silos-elevados.jpeg\u00bb custom_margin=\u00bb||||false\u00bb custom_padding=\u00bb10vw||10vw||true|false\u00bb locked=\u00bboff\u00bb global_colors_info=\u00bb{}\u00bb][et_pb_row _builder_version=\u00bb4.16&#8243; global_colors_info=\u00bb{}\u00bb][et_pb_column type=\u00bb4_4&#8243; _builder_version=\u00bb4.16&#8243; custom_padding=\u00bb|||\u00bb global_colors_info=\u00bb{}\u00bb custom_padding__hover=\u00bb|||\u00bb][et_pb_text _builder_version=\u00bb4.20.2&#8243; text_font=\u00bb||||||||\u00bb header_font=\u00bbRubik|700|||||||\u00bb header_font_size=\u00bb64px\u00bb header_line_height=\u00bb1.1em\u00bb background_layout=\u00bbdark\u00bb max_width=\u00bb800px\u00bb custom_margin=\u00bb||0px|\u00bb custom_padding=\u00bb|||16px\u00bb text_font_size_tablet=\u00bb14px\u00bb text_font_size_last_edited=\u00bboff|desktop\u00bb header_font_size_tablet=\u00bb44px\u00bb header_font_size_phone=\u00bb32px\u00bb header_font_size_last_edited=\u00bbon|phone\u00bb border_color_all=\u00bb#ffb400&#8243; border_width_left=\u00bb10px\u00bb global_colors_info=\u00bb{}\u00bb]<\/p>\n<h1>Silos elevados<\/h1>\n<p>[\/et_pb_text][et_pb_text _builder_version=\u00bb4.20.2&#8243; text_font=\u00bb||||||||\u00bb text_font_size=\u00bb22px\u00bb text_line_height=\u00bb1.6em\u00bb header_font=\u00bb||||||||\u00bb background_layout=\u00bbdark\u00bb custom_margin=\u00bb|||\u00bb custom_padding=\u00bb20px||20px||true\u00bb text_font_size_tablet=\u00bb18px\u00bb text_font_size_phone=\u00bb\u00bb text_font_size_last_edited=\u00bbon|phone\u00bb global_colors_info=\u00bb{}\u00bb]<\/p>\n<p>Reducen el coste de la obra civil<\/p>\n<p>Los silos elevados est\u00e1n concebidos para el almacenamiento de cereales, semillas, leguminosas, pellets y otros productos que requieren condiciones especiales de almacenamiento. El producto almacenado queda aislado del suelo, evitando de esta forma la humedad y aminorando la rotura del grano.<\/p>\n<p>Con este tipo de silo adem\u00e1s del ahorro econ\u00f3mico que supone no necesitar barredora se simplifican los trabajos de cimentaci\u00f3n, lo cual reduce el coste de la obra civil y agiliza las tareas de montaje considerablemente.<\/p>\n<p>Nuestra gama de silos elevados abarca capacidades que van desde los 43 m\u00b3 hasta los 2.016 m\u00b3 y con di\u00e1metros que van desde 3.82 metros a 10.70 metros.<\/p>\n<p>[\/et_pb_text][\/et_pb_column][\/et_pb_row][\/et_pb_section][et_pb_section fb_built=\u00bb1&#8243; admin_label=\u00bb Get a Quote\u00bb _builder_version=\u00bb4.16&#8243; custom_padding=\u00bb20px|0px|20px|0px|true|false\u00bb animation_style=\u00bbslide\u00bb animation_direction=\u00bbtop\u00bb animation_intensity_slide=\u00bb10%\u00bb box_shadow_style=\u00bbpreset3&#8243; box_shadow_vertical=\u00bb10px\u00bb box_shadow_blur=\u00bb105px\u00bb box_shadow_spread=\u00bb0px\u00bb box_shadow_color=\u00bbrgba(0,0,0,0.12)\u00bb locked=\u00bboff\u00bb global_colors_info=\u00bb{}\u00bb][et_pb_row column_structure=\u00bb3_4,1_4&#8243; _builder_version=\u00bb4.16&#8243; background_color=\u00bb#ffffff\u00bb custom_margin=\u00bb|||\u00bb global_colors_info=\u00bb{}\u00bb][et_pb_column type=\u00bb3_4&#8243; _builder_version=\u00bb4.16&#8243; custom_padding=\u00bb|||\u00bb global_colors_info=\u00bb{}\u00bb custom_padding__hover=\u00bb|||\u00bb][et_pb_text _builder_version=\u00bb4.20.4&#8243; header_font=\u00bb||||||||\u00bb header_2_font=\u00bbRubik|700|||||||\u00bb header_2_font_size=\u00bb42px\u00bb header_2_line_height=\u00bb1.2em\u00bb hover_enabled=\u00bb0&#8243; header_2_font_size_tablet=\u00bb\u00bb header_2_font_size_phone=\u00bb36px\u00bb header_2_font_size_last_edited=\u00bbon|phone\u00bb global_colors_info=\u00bb{}\u00bb sticky_enabled=\u00bb0&#8243;]<\/p>\n<h2>Solicita cotizaci\u00f3n de tu proyecto<\/h2>\n<p>[\/et_pb_text][\/et_pb_column][et_pb_column type=\u00bb1_4&#8243; _builder_version=\u00bb4.16&#8243; custom_padding=\u00bb|||\u00bb global_colors_info=\u00bb{}\u00bb custom_padding__hover=\u00bb|||\u00bb][et_pb_button button_text=\u00bbPresupuesto\u00bb _builder_version=\u00bb4.20.4&#8243; custom_button=\u00bbon\u00bb button_text_size=\u00bb14px\u00bb button_text_color=\u00bb#ffffff\u00bb button_bg_color=\u00bb#009d00&#8243; button_border_width=\u00bb4px\u00bb button_border_radius=\u00bb0px\u00bb button_letter_spacing=\u00bb4px\u00bb button_font=\u00bbRubik|700||on|||||\u00bb button_icon=\u00bb&#x24;||divi||400&#8243; custom_padding=\u00bb12px|30px|12px|30px|true|true\u00bb hover_enabled=\u00bb0&#8243; button_text_color_hover=\u00bb#ffffff\u00bb button_border_color_hover=\u00bb#ffb400&#8243; button_bg_color_hover=\u00bb#ffb400&#8243; global_colors_info=\u00bb{}\u00bb button_text_size__hover_enabled=\u00bboff\u00bb button_one_text_size__hover_enabled=\u00bboff\u00bb button_two_text_size__hover_enabled=\u00bboff\u00bb button_text_color__hover_enabled=\u00bbon|hover\u00bb button_text_color__hover=\u00bb#009d00&#8243; button_one_text_color__hover_enabled=\u00bboff\u00bb button_two_text_color__hover_enabled=\u00bboff\u00bb button_border_width__hover_enabled=\u00bboff\u00bb button_one_border_width__hover_enabled=\u00bboff\u00bb button_two_border_width__hover_enabled=\u00bboff\u00bb button_border_color__hover_enabled=\u00bbon\u00bb button_border_color__hover=\u00bb\u00bb button_one_border_color__hover_enabled=\u00bboff\u00bb button_two_border_color__hover_enabled=\u00bboff\u00bb button_border_radius__hover_enabled=\u00bboff\u00bb button_one_border_radius__hover_enabled=\u00bboff\u00bb button_two_border_radius__hover_enabled=\u00bboff\u00bb button_letter_spacing__hover_enabled=\u00bboff\u00bb button_one_letter_spacing__hover_enabled=\u00bboff\u00bb button_two_letter_spacing__hover_enabled=\u00bboff\u00bb button_bg_color__hover_enabled=\u00bbon|hover\u00bb button_bg_color__hover=\u00bb\u00bb button_one_bg_color__hover_enabled=\u00bboff\u00bb button_two_bg_color__hover_enabled=\u00bboff\u00bb button_bg_enable_color__hover=\u00bboff\u00bb sticky_enabled=\u00bb0&#8243; button_url=\u00bbhttps:\/\/silosspain.com\/es\/presupuesto\/\u00bb][\/et_pb_button][\/et_pb_column][\/et_pb_row][\/et_pb_section][et_pb_section fb_built=\u00bb1&#8243; custom_padding_last_edited=\u00bbon|tablet\u00bb admin_label=\u00bbCaracter\u00edsticas t\u00e9cnicas de los silos elevados\u00bb _builder_version=\u00bb4.20.2&#8243; custom_margin=\u00bb|||\u00bb custom_padding=\u00bb0|0px|0|20%|false|false\u00bb custom_padding_tablet=\u00bb|||0%\u00bb custom_padding_phone=\u00bb\u00bb global_colors_info=\u00bb{}\u00bb][et_pb_row use_custom_gutter=\u00bbon\u00bb gutter_width=\u00bb1&#8243; _builder_version=\u00bb4.16&#8243; background_color=\u00bb#f7f7f7&#8243; width=\u00bb100%\u00bb max_width=\u00bb100%\u00bb custom_margin=\u00bb||||false\u00bb custom_padding=\u00bb10%|10%||10%|false|true\u00bb use_custom_width=\u00bbon\u00bb width_unit=\u00bboff\u00bb custom_width_percent=\u00bb100%\u00bb global_colors_info=\u00bb{}\u00bb][et_pb_column type=\u00bb4_4&#8243; _builder_version=\u00bb4.16&#8243; custom_padding=\u00bb|||\u00bb global_colors_info=\u00bb{}\u00bb custom_padding__hover=\u00bb|||\u00bb][et_pb_text _builder_version=\u00bb4.20.2&#8243; text_font=\u00bb||||||||\u00bb header_font=\u00bb||||||||\u00bb header_2_font=\u00bbRubik|700|||||||\u00bb header_2_font_size=\u00bb42px\u00bb header_2_line_height=\u00bb1.2em\u00bb module_alignment=\u00bbcenter\u00bb custom_margin=\u00bb|||\u00bb custom_padding=\u00bb|||\u00bb header_2_font_size_tablet=\u00bb\u00bb header_2_font_size_phone=\u00bb36px\u00bb header_2_font_size_last_edited=\u00bbon|phone\u00bb locked=\u00bboff\u00bb global_colors_info=\u00bb{}\u00bb]<\/p>\n<h2>Caracter\u00edsticas t\u00e9cnicas de los silos elevados<\/h2>\n<p>[\/et_pb_text][et_pb_divider color=\u00bb#ffb400&#8243; divider_position=\u00bbcenter\u00bb divider_weight=\u00bb5px\u00bb _builder_version=\u00bb4.16&#8243; max_width=\u00bb50px\u00bb locked=\u00bboff\u00bb global_colors_info=\u00bb{}\u00bb][\/et_pb_divider][et_pb_text _builder_version=\u00bb4.20.2&#8243; text_font=\u00bb||||||||\u00bb text_font_size=\u00bb15px\u00bb text_line_height=\u00bb1.8em\u00bb custom_padding=\u00bb|||\u00bb custom_padding_tablet=\u00bb|40px||40px||true\u00bb custom_padding_last_edited=\u00bboff|desktop\u00bb locked=\u00bboff\u00bb global_colors_info=\u00bb{}\u00bb]<\/p>\n<h3>Estructura soporte<\/h3>\n<p>Su estructura soporte, formada por\u00a0 columnas de perfiles estructurales galvanizadas en caliente y arriostradas entre ellas por perfiles laminados, garantizan una gran resistencia del silo frente a acciones externas.<\/p>\n<p>Para facilitar el montaje, el silo se suministra con anclajes qu\u00edmicos, pudiendo instalarse una vez que el silo est\u00e1 completamente ensamblado, evitando problemas en la ejecuci\u00f3n de la obra civil.<\/p>\n<h3>Conos \/ inclinaciones<\/h3>\n<p>Para una correcta descarga del silo y garantizar su limpieza tras cada descarga, se pueden suministrar los conos con inclinaci\u00f3n de 45\u00ba y 60\u00ba. El dise\u00f1o de nuestros conos es especialmente cuidadoso en este sentido evitando cualquier punto de acumulaci\u00f3n de material que pudiera contaminar el producto en posteriores usos.\u00a0 Las dimensiones de la boca de salida del silo var\u00edan entre \u00d8270 mm a \u00d81200 mm, complet\u00e1ndose con una amplia gama de accesorios para ajustar las dimensiones de salida a sus necesidades.\u00a0 La altura libre entre la descarga del silo y el suelo puede ser de 1 o 1.5 m, en funci\u00f3n de lo que cada instalaci\u00f3n requiera, pudi\u00e9ndose particularizar esta altura seg\u00fan demanda.<\/p>\n<p>[\/et_pb_text][\/et_pb_column][\/et_pb_row][\/et_pb_section][et_pb_section fb_built=\u00bb1&#8243; custom_padding_last_edited=\u00bbon|tablet\u00bb admin_label=\u00bbAccesorios de los silos elevados\u00bb _builder_version=\u00bb4.20.2&#8243; background_color=\u00bb#f7f7f7&#8243; custom_margin=\u00bb|||\u00bb custom_padding=\u00bb0|20%|0|0px|false|false\u00bb custom_padding_tablet=\u00bb|0%||\u00bb custom_padding_phone=\u00bb\u00bb global_colors_info=\u00bb{}\u00bb][et_pb_row use_custom_gutter=\u00bbon\u00bb gutter_width=\u00bb1&#8243; _builder_version=\u00bb4.16&#8243; background_color=\u00bb#ffffff\u00bb width=\u00bb100%\u00bb max_width=\u00bb100%\u00bb module_alignment=\u00bbleft\u00bb custom_margin=\u00bb||||false\u00bb custom_padding=\u00bb10%|10%||10%|false|true\u00bb use_custom_width=\u00bbon\u00bb width_unit=\u00bboff\u00bb custom_width_percent=\u00bb100%\u00bb global_colors_info=\u00bb{}\u00bb][et_pb_column type=\u00bb4_4&#8243; _builder_version=\u00bb4.16&#8243; custom_padding=\u00bb|||\u00bb global_colors_info=\u00bb{}\u00bb custom_padding__hover=\u00bb|||\u00bb][et_pb_text _builder_version=\u00bb4.20.2&#8243; text_font=\u00bb||||||||\u00bb header_font=\u00bb||||||||\u00bb header_2_font=\u00bbRubik|700|||||||\u00bb header_2_font_size=\u00bb42px\u00bb header_2_line_height=\u00bb1.2em\u00bb module_alignment=\u00bbcenter\u00bb custom_margin=\u00bb|||\u00bb custom_padding=\u00bb|||\u00bb header_2_font_size_tablet=\u00bb\u00bb header_2_font_size_phone=\u00bb36px\u00bb header_2_font_size_last_edited=\u00bbon|phone\u00bb locked=\u00bboff\u00bb global_colors_info=\u00bb{}\u00bb]<\/p>\n<h2>Accesorios de los silos elevados<\/h2>\n<p>[\/et_pb_text][et_pb_divider color=\u00bb#ffb400&#8243; divider_position=\u00bbcenter\u00bb divider_weight=\u00bb5px\u00bb _builder_version=\u00bb4.16&#8243; max_width=\u00bb50px\u00bb locked=\u00bboff\u00bb global_colors_info=\u00bb{}\u00bb][\/et_pb_divider][et_pb_text _builder_version=\u00bb4.20.2&#8243; text_font=\u00bb||||||||\u00bb text_font_size=\u00bb15px\u00bb text_line_height=\u00bb1.8em\u00bb custom_padding=\u00bb|||\u00bb custom_padding_tablet=\u00bb|40px||40px||true\u00bb custom_padding_last_edited=\u00bboff|desktop\u00bb locked=\u00bboff\u00bb global_colors_info=\u00bb{}\u00bb]<\/p>\n<h3>Ventilaci\u00f3n de silos elevados<\/h3>\n<p>Los conductos interiores de ventilaci\u00f3n del silo est\u00e1n formados por cilindros met\u00e1licos perforados de alta resistencia. Su n\u00famero y posici\u00f3n en el cono del silo garantizan la distribuci\u00f3n uniforme del aire en la masa de grano almacenado.<\/p>\n<p>El dise\u00f1o de estos conductos ofrece una m\u00ednima fricci\u00f3n del grano durante la descarga, disminuyendo las tensiones en el cono del silo y la acumulaci\u00f3n de cereal durante la descarga.<\/p>\n<h3>Ventilaci\u00f3n contracono \/ Flujo M\u00e1sico<\/h3>\n<p>Para satisfacer las necesidades de nuestros clientes nuestro equipo t\u00e9cnico ha desarrollado un sistema de descarga FLOW MASS, el cual consiste en un cono central invertido respecto al cono del silo que consigue evitar la formaci\u00f3n de canales preferentes de descarga donde sus paredes y la apertura lateral han sido concebidas para compensar los flujos de masa al mismo tiempo que favorece un reparto equilibrado del aire insuflado.<\/p>\n<h3>Fondo vibrante<\/h3>\n<p>El fondo vibrante facilita la descarga de productos almacenados en silos elevados de dif\u00edcil flujo, tipo harinosos, adormidera granulada, conchilla, carbonato, etc. Recomendable para silos con cono a 60\u00ba, cuyo cono se refuerza para adaptarse a la vibraci\u00f3n. Est\u00e1 disponible en distintos di\u00e1metros y lo adaptamos a diferentes dimensiones de boca de salida del silo.<\/p>\n<p>[\/et_pb_text][et_pb_button button_url=\u00bbhttps:\/\/silosspain.com\/wp-content\/uploads\/2023\/04\/silos-metalicos.pdf\u00bb url_new_window=\u00bbon\u00bb button_text=\u00bbConsulta nuestros modelos de silos elevados\u00bb _builder_version=\u00bb4.20.4&#8243; custom_button=\u00bbon\u00bb button_text_size=\u00bb14px\u00bb button_text_color=\u00bb#ffffff\u00bb button_bg_color=\u00bb#009d00&#8243; button_border_width=\u00bb4px\u00bb button_border_radius=\u00bb0px\u00bb button_letter_spacing=\u00bb4px\u00bb button_font=\u00bbRubik|700||on|||||\u00bb button_icon=\u00bb&#x24;||divi||400&#8243; custom_padding=\u00bb12px|30px|12px|30px|true|true\u00bb button_text_color_hover=\u00bb#ffffff\u00bb button_border_color_hover=\u00bb#ffb400&#8243; button_bg_color_hover=\u00bb#ffb400&#8243; locked=\u00bboff\u00bb global_colors_info=\u00bb{}\u00bb button_text_size__hover_enabled=\u00bboff\u00bb button_one_text_size__hover_enabled=\u00bboff\u00bb button_two_text_size__hover_enabled=\u00bboff\u00bb button_text_color__hover_enabled=\u00bbon|hover\u00bb button_text_color__hover=\u00bb#009d00&#8243; button_one_text_color__hover_enabled=\u00bboff\u00bb button_two_text_color__hover_enabled=\u00bboff\u00bb button_border_width__hover_enabled=\u00bboff\u00bb button_one_border_width__hover_enabled=\u00bboff\u00bb button_two_border_width__hover_enabled=\u00bboff\u00bb button_border_color__hover_enabled=\u00bbon\u00bb button_border_color__hover=\u00bb\u00bb button_one_border_color__hover_enabled=\u00bboff\u00bb button_two_border_color__hover_enabled=\u00bboff\u00bb button_border_radius__hover_enabled=\u00bboff\u00bb button_one_border_radius__hover_enabled=\u00bboff\u00bb button_two_border_radius__hover_enabled=\u00bboff\u00bb button_letter_spacing__hover_enabled=\u00bboff\u00bb button_one_letter_spacing__hover_enabled=\u00bboff\u00bb button_two_letter_spacing__hover_enabled=\u00bboff\u00bb button_bg_color__hover_enabled=\u00bbon|hover\u00bb button_bg_color__hover=\u00bb\u00bb button_one_bg_color__hover_enabled=\u00bboff\u00bb button_two_bg_color__hover_enabled=\u00bboff\u00bb button_bg_enable_color__hover=\u00bboff\u00bb][\/et_pb_button][\/et_pb_column][\/et_pb_row][\/et_pb_section]<\/p>\n<span class=\"et_bloom_bottom_trigger\"><\/span>","protected":false},"excerpt":{"rendered":"<p>Silos elevadosReducen el coste de la obra civil Los silos elevados est\u00e1n concebidos para el almacenamiento de cereales, semillas, leguminosas, pellets y otros productos que requieren condiciones especiales de almacenamiento. El producto almacenado queda aislado del suelo, evitando de esta forma la humedad y aminorando la rotura del grano. Con este tipo de silo adem\u00e1s [&hellip;]<\/p>\n","protected":false},"author":1,"featured_media":0,"parent":33723,"menu_order":0,"comment_status":"open","ping_status":"open","template":"","meta":{"_et_pb_use_builder":"on","_et_pb_old_content":"","_et_gb_content_width":"","footnotes":""},"class_list":["post-33883","page","type-page","status-publish","hentry"],"yoast_head":"<!-- This site is optimized with the Yoast SEO plugin v27.0 - https:\/\/yoast.com\/product\/yoast-seo-wordpress\/ -->\n<title>Silos elevados - Silos Spain<\/title>\n<meta name=\"description\" content=\"Los silos elevados de nuestra f\u00e1brica de silos en Espa\u00f1a agilizan las tareas de montaje y suponen una reducci\u00f3n del coste de la obra civil.\" \/>\n<meta name=\"robots\" content=\"index, follow, max-snippet:-1, max-image-preview:large, max-video-preview:-1\" \/>\n<link rel=\"canonical\" href=\"https:\/\/silosspain.com\/es\/silos\/silos-elevados\/\" \/>\n<meta property=\"og:locale\" content=\"es_ES\" \/>\n<meta property=\"og:type\" content=\"article\" \/>\n<meta property=\"og:title\" content=\"Silos elevados - Silos Spain\" \/>\n<meta property=\"og:description\" content=\"Los silos elevados de nuestra f\u00e1brica de silos en Espa\u00f1a agilizan las tareas de montaje y suponen una reducci\u00f3n del coste de la obra civil.\" \/>\n<meta property=\"og:url\" content=\"https:\/\/silosspain.com\/es\/silos\/silos-elevados\/\" \/>\n<meta property=\"og:site_name\" content=\"Silos Spain\" \/>\n<meta property=\"article:modified_time\" content=\"2023-05-02T15:08:29+00:00\" \/>\n<meta name=\"twitter:card\" content=\"summary_large_image\" \/>\n<meta name=\"twitter:label1\" content=\"Tiempo de lectura\" \/>\n\t<meta name=\"twitter:data1\" content=\"4 minutos\" \/>\n<script type=\"application\/ld+json\" class=\"yoast-schema-graph\">{\"@context\":\"https:\/\/schema.org\",\"@graph\":[{\"@type\":\"WebPage\",\"@id\":\"https:\/\/silosspain.com\/es\/silos\/silos-elevados\/\",\"url\":\"https:\/\/silosspain.com\/es\/silos\/silos-elevados\/\",\"name\":\"Silos elevados - Silos Spain\",\"isPartOf\":{\"@id\":\"https:\/\/silosspain.com\/#website\"},\"datePublished\":\"2023-03-25T22:24:22+00:00\",\"dateModified\":\"2023-05-02T15:08:29+00:00\",\"description\":\"Los silos elevados de nuestra f\u00e1brica de silos en Espa\u00f1a agilizan las tareas de montaje y suponen una reducci\u00f3n del coste de la obra civil.\",\"breadcrumb\":{\"@id\":\"https:\/\/silosspain.com\/es\/silos\/silos-elevados\/#breadcrumb\"},\"inLanguage\":\"es\",\"potentialAction\":[{\"@type\":\"ReadAction\",\"target\":[\"https:\/\/silosspain.com\/es\/silos\/silos-elevados\/\"]}]},{\"@type\":\"BreadcrumbList\",\"@id\":\"https:\/\/silosspain.com\/es\/silos\/silos-elevados\/#breadcrumb\",\"itemListElement\":[{\"@type\":\"ListItem\",\"position\":1,\"name\":\"Home\",\"item\":\"https:\/\/silosspain.com\/es\/\"},{\"@type\":\"ListItem\",\"position\":2,\"name\":\"Silos met\u00e1licos\",\"item\":\"https:\/\/silosspain.com\/es\/silos\/\"},{\"@type\":\"ListItem\",\"position\":3,\"name\":\"Silos elevados\"}]},{\"@type\":\"WebSite\",\"@id\":\"https:\/\/silosspain.com\/#website\",\"url\":\"https:\/\/silosspain.com\/\",\"name\":\"Silos Spain\",\"description\":\"Grain Storage Systems\",\"potentialAction\":[{\"@type\":\"SearchAction\",\"target\":{\"@type\":\"EntryPoint\",\"urlTemplate\":\"https:\/\/silosspain.com\/?s={search_term_string}\"},\"query-input\":{\"@type\":\"PropertyValueSpecification\",\"valueRequired\":true,\"valueName\":\"search_term_string\"}}],\"inLanguage\":\"es\"}]}<\/script>\n<!-- \/ Yoast SEO plugin. -->","yoast_head_json":{"title":"Silos elevados - Silos Spain","description":"Los silos elevados de nuestra f\u00e1brica de silos en Espa\u00f1a agilizan las tareas de montaje y suponen una reducci\u00f3n del coste de la obra civil.","robots":{"index":"index","follow":"follow","max-snippet":"max-snippet:-1","max-image-preview":"max-image-preview:large","max-video-preview":"max-video-preview:-1"},"canonical":"https:\/\/silosspain.com\/es\/silos\/silos-elevados\/","og_locale":"es_ES","og_type":"article","og_title":"Silos elevados - Silos Spain","og_description":"Los silos elevados de nuestra f\u00e1brica de silos en Espa\u00f1a agilizan las tareas de montaje y suponen una reducci\u00f3n del coste de la obra civil.","og_url":"https:\/\/silosspain.com\/es\/silos\/silos-elevados\/","og_site_name":"Silos Spain","article_modified_time":"2023-05-02T15:08:29+00:00","twitter_card":"summary_large_image","twitter_misc":{"Tiempo de lectura":"4 minutos"},"schema":{"@context":"https:\/\/schema.org","@graph":[{"@type":"WebPage","@id":"https:\/\/silosspain.com\/es\/silos\/silos-elevados\/","url":"https:\/\/silosspain.com\/es\/silos\/silos-elevados\/","name":"Silos elevados - Silos Spain","isPartOf":{"@id":"https:\/\/silosspain.com\/#website"},"datePublished":"2023-03-25T22:24:22+00:00","dateModified":"2023-05-02T15:08:29+00:00","description":"Los silos elevados de nuestra f\u00e1brica de silos en Espa\u00f1a agilizan las tareas de montaje y suponen una reducci\u00f3n del coste de la obra civil.","breadcrumb":{"@id":"https:\/\/silosspain.com\/es\/silos\/silos-elevados\/#breadcrumb"},"inLanguage":"es","potentialAction":[{"@type":"ReadAction","target":["https:\/\/silosspain.com\/es\/silos\/silos-elevados\/"]}]},{"@type":"BreadcrumbList","@id":"https:\/\/silosspain.com\/es\/silos\/silos-elevados\/#breadcrumb","itemListElement":[{"@type":"ListItem","position":1,"name":"Home","item":"https:\/\/silosspain.com\/es\/"},{"@type":"ListItem","position":2,"name":"Silos met\u00e1licos","item":"https:\/\/silosspain.com\/es\/silos\/"},{"@type":"ListItem","position":3,"name":"Silos elevados"}]},{"@type":"WebSite","@id":"https:\/\/silosspain.com\/#website","url":"https:\/\/silosspain.com\/","name":"Silos Spain","description":"Grain Storage Systems","potentialAction":[{"@type":"SearchAction","target":{"@type":"EntryPoint","urlTemplate":"https:\/\/silosspain.com\/?s={search_term_string}"},"query-input":{"@type":"PropertyValueSpecification","valueRequired":true,"valueName":"search_term_string"}}],"inLanguage":"es"}]}},"_links":{"self":[{"href":"https:\/\/silosspain.com\/es\/wp-json\/wp\/v2\/pages\/33883","targetHints":{"allow":["GET"]}}],"collection":[{"href":"https:\/\/silosspain.com\/es\/wp-json\/wp\/v2\/pages"}],"about":[{"href":"https:\/\/silosspain.com\/es\/wp-json\/wp\/v2\/types\/page"}],"author":[{"embeddable":true,"href":"https:\/\/silosspain.com\/es\/wp-json\/wp\/v2\/users\/1"}],"replies":[{"embeddable":true,"href":"https:\/\/silosspain.com\/es\/wp-json\/wp\/v2\/comments?post=33883"}],"version-history":[{"count":6,"href":"https:\/\/silosspain.com\/es\/wp-json\/wp\/v2\/pages\/33883\/revisions"}],"predecessor-version":[{"id":34377,"href":"https:\/\/silosspain.com\/es\/wp-json\/wp\/v2\/pages\/33883\/revisions\/34377"}],"up":[{"embeddable":true,"href":"https:\/\/silosspain.com\/es\/wp-json\/wp\/v2\/pages\/33723"}],"wp:attachment":[{"href":"https:\/\/silosspain.com\/es\/wp-json\/wp\/v2\/media?parent=33883"}],"curies":[{"name":"wp","href":"https:\/\/api.w.org\/{rel}","templated":true}]}}