{"id":33878,"date":"2023-03-25T21:58:59","date_gmt":"2023-03-25T21:58:59","guid":{"rendered":"https:\/\/silosspain.com\/silos\/flat-bottom-silos\/"},"modified":"2023-05-02T15:10:09","modified_gmt":"2023-05-02T15:10:09","slug":"silos-asentados","status":"publish","type":"page","link":"https:\/\/silosspain.com\/es\/silos\/silos-asentados\/","title":{"rendered":"Silos asentados"},"content":{"rendered":"<p>[et_pb_section fb_built=\u00bb1&#8243; admin_label=\u00bbHero\u00bb _builder_version=\u00bb4.20.2&#8243; use_background_color_gradient=\u00bbon\u00bb background_color_gradient_type=\u00bbcircular\u00bb background_color_gradient_direction_radial=\u00bbtop left\u00bb background_color_gradient_stops=\u00bbrgba(40,40,40,0.79) 0%|rgba(40,40,40,0.86) 100%\u00bb background_color_gradient_overlays_image=\u00bbon\u00bb background_color_gradient_start=\u00bbrgba(40,40,40,0.79)\u00bb background_color_gradient_end=\u00bbrgba(40,40,40,0.86)\u00bb background_image=\u00bbhttps:\/\/silosspain.com\/wp-content\/uploads\/2023\/03\/silos-asentados.jpeg\u00bb custom_margin=\u00bb||||false\u00bb custom_padding=\u00bb10vw||10vw||true|false\u00bb locked=\u00bboff\u00bb global_colors_info=\u00bb{}\u00bb][et_pb_row _builder_version=\u00bb4.16&#8243; global_colors_info=\u00bb{}\u00bb][et_pb_column type=\u00bb4_4&#8243; _builder_version=\u00bb4.16&#8243; custom_padding=\u00bb|||\u00bb global_colors_info=\u00bb{}\u00bb custom_padding__hover=\u00bb|||\u00bb][et_pb_text _builder_version=\u00bb4.20.2&#8243; text_font=\u00bb||||||||\u00bb header_font=\u00bbRubik|700|||||||\u00bb header_font_size=\u00bb64px\u00bb header_line_height=\u00bb1.1em\u00bb background_layout=\u00bbdark\u00bb max_width=\u00bb800px\u00bb custom_margin=\u00bb||0px|\u00bb custom_padding=\u00bb|||16px\u00bb text_font_size_tablet=\u00bb14px\u00bb text_font_size_last_edited=\u00bboff|desktop\u00bb header_font_size_tablet=\u00bb44px\u00bb header_font_size_phone=\u00bb32px\u00bb header_font_size_last_edited=\u00bbon|phone\u00bb border_color_all=\u00bb#ffb400&#8243; border_width_left=\u00bb10px\u00bb global_colors_info=\u00bb{}\u00bb]<\/p>\n<h1>Silos asentados<\/h1>\n<p>[\/et_pb_text][et_pb_text _builder_version=\u00bb4.20.2&#8243; text_font=\u00bb||||||||\u00bb text_font_size=\u00bb22px\u00bb text_line_height=\u00bb1.6em\u00bb header_font=\u00bb||||||||\u00bb background_layout=\u00bbdark\u00bb custom_margin=\u00bb|||\u00bb custom_padding=\u00bb20px||20px||true\u00bb text_font_size_tablet=\u00bb18px\u00bb text_font_size_phone=\u00bb\u00bb text_font_size_last_edited=\u00bbon|phone\u00bb global_colors_info=\u00bb{}\u00bb]<\/p>\n<p>Nuestros silos asentados para base de hormig\u00f3n, bien sean silos de base plana o c\u00f3nica, se emplean para el almacenamiento prolongado de grandes cantidades de grano, semillas y productos granulados.<\/p>\n<p>Nuestra gama de silos abarca capacidades que van desde los 83 m<sup>3<\/sup> hasta los 45.055m<sup>3<\/sup> y con di\u00e1metros que van desde 4.58 metros a 41.25 metros.<\/p>\n<p>[\/et_pb_text][\/et_pb_column][\/et_pb_row][\/et_pb_section][et_pb_section fb_built=\u00bb1&#8243; admin_label=\u00bb Get a Quote\u00bb _builder_version=\u00bb4.16&#8243; custom_padding=\u00bb20px|0px|20px|0px|true|false\u00bb animation_style=\u00bbslide\u00bb animation_direction=\u00bbtop\u00bb animation_intensity_slide=\u00bb10%\u00bb box_shadow_style=\u00bbpreset3&#8243; box_shadow_vertical=\u00bb10px\u00bb box_shadow_blur=\u00bb105px\u00bb box_shadow_spread=\u00bb0px\u00bb box_shadow_color=\u00bbrgba(0,0,0,0.12)\u00bb locked=\u00bboff\u00bb global_colors_info=\u00bb{}\u00bb][et_pb_row column_structure=\u00bb3_4,1_4&#8243; _builder_version=\u00bb4.16&#8243; background_color=\u00bb#ffffff\u00bb custom_margin=\u00bb|||\u00bb global_colors_info=\u00bb{}\u00bb][et_pb_column type=\u00bb3_4&#8243; _builder_version=\u00bb4.16&#8243; custom_padding=\u00bb|||\u00bb global_colors_info=\u00bb{}\u00bb custom_padding__hover=\u00bb|||\u00bb][et_pb_text _builder_version=\u00bb4.20.2&#8243; header_font=\u00bb||||||||\u00bb header_2_font=\u00bbRubik|700|||||||\u00bb header_2_font_size=\u00bb42px\u00bb header_2_line_height=\u00bb1.2em\u00bb header_2_font_size_tablet=\u00bb\u00bb header_2_font_size_phone=\u00bb36px\u00bb header_2_font_size_last_edited=\u00bbon|phone\u00bb global_colors_info=\u00bb{}\u00bb]<\/p>\n<h2>Solicita cotizaci\u00f3n de tu proyecto<\/h2>\n<h2>\u200b<\/h2>\n<p>[\/et_pb_text][\/et_pb_column][et_pb_column type=\u00bb1_4&#8243; _builder_version=\u00bb4.16&#8243; custom_padding=\u00bb|||\u00bb global_colors_info=\u00bb{}\u00bb custom_padding__hover=\u00bb|||\u00bb][et_pb_button button_url=\u00bbhttps:\/\/silosspain.com\/es\/presupuesto\/\u00bb button_text=\u00bbPresupuesto\u00bb _builder_version=\u00bb4.20.4&#8243; custom_button=\u00bbon\u00bb button_text_size=\u00bb14px\u00bb button_text_color=\u00bb#ffffff\u00bb button_bg_color=\u00bb#009d00&#8243; button_border_width=\u00bb4px\u00bb button_border_radius=\u00bb0px\u00bb button_letter_spacing=\u00bb4px\u00bb button_font=\u00bbRubik|700||on|||||\u00bb button_icon=\u00bb&#x24;||divi||400&#8243; custom_padding=\u00bb12px|30px|12px|30px|true|true\u00bb hover_enabled=\u00bb0&#8243; button_text_color_hover=\u00bb#ffffff\u00bb button_border_color_hover=\u00bb#ffb400&#8243; button_bg_color_hover=\u00bb#ffb400&#8243; global_colors_info=\u00bb{}\u00bb button_text_size__hover_enabled=\u00bboff\u00bb button_one_text_size__hover_enabled=\u00bboff\u00bb button_two_text_size__hover_enabled=\u00bboff\u00bb button_text_color__hover_enabled=\u00bbon|hover\u00bb button_text_color__hover=\u00bb#009d00&#8243; button_one_text_color__hover_enabled=\u00bboff\u00bb button_two_text_color__hover_enabled=\u00bboff\u00bb button_border_width__hover_enabled=\u00bboff\u00bb button_one_border_width__hover_enabled=\u00bboff\u00bb button_two_border_width__hover_enabled=\u00bboff\u00bb button_border_color__hover_enabled=\u00bbon\u00bb button_border_color__hover=\u00bb\u00bb button_one_border_color__hover_enabled=\u00bboff\u00bb button_two_border_color__hover_enabled=\u00bboff\u00bb button_border_radius__hover_enabled=\u00bboff\u00bb button_one_border_radius__hover_enabled=\u00bboff\u00bb button_two_border_radius__hover_enabled=\u00bboff\u00bb button_letter_spacing__hover_enabled=\u00bboff\u00bb button_one_letter_spacing__hover_enabled=\u00bboff\u00bb button_two_letter_spacing__hover_enabled=\u00bboff\u00bb button_bg_color__hover_enabled=\u00bbon|hover\u00bb button_bg_color__hover=\u00bb\u00bb button_one_bg_color__hover_enabled=\u00bboff\u00bb button_two_bg_color__hover_enabled=\u00bboff\u00bb button_bg_enable_color__hover=\u00bboff\u00bb sticky_enabled=\u00bb0&#8243;][\/et_pb_button][\/et_pb_column][\/et_pb_row][\/et_pb_section][et_pb_section fb_built=\u00bb1&#8243; custom_padding_last_edited=\u00bbon|tablet\u00bb admin_label=\u00bbAccesorios de silos asentados derecha\u00bb _builder_version=\u00bb4.20.2&#8243; custom_margin=\u00bb|||\u00bb custom_padding=\u00bb0|0px|0|20%|false|false\u00bb custom_padding_tablet=\u00bb|||0%\u00bb custom_padding_phone=\u00bb\u00bb global_colors_info=\u00bb{}\u00bb][et_pb_row use_custom_gutter=\u00bbon\u00bb gutter_width=\u00bb1&#8243; _builder_version=\u00bb4.16&#8243; background_color=\u00bb#f7f7f7&#8243; width=\u00bb100%\u00bb max_width=\u00bb100%\u00bb custom_margin=\u00bb||||false\u00bb custom_padding=\u00bb10%|10%||10%|false|true\u00bb use_custom_width=\u00bbon\u00bb width_unit=\u00bboff\u00bb custom_width_percent=\u00bb100%\u00bb global_colors_info=\u00bb{}\u00bb][et_pb_column type=\u00bb4_4&#8243; _builder_version=\u00bb4.16&#8243; custom_padding=\u00bb|||\u00bb global_colors_info=\u00bb{}\u00bb custom_padding__hover=\u00bb|||\u00bb][et_pb_text _builder_version=\u00bb4.20.2&#8243; text_font=\u00bb||||||||\u00bb header_font=\u00bb||||||||\u00bb header_2_font=\u00bbRubik|700|||||||\u00bb header_2_font_size=\u00bb42px\u00bb header_2_line_height=\u00bb1.2em\u00bb module_alignment=\u00bbcenter\u00bb custom_margin=\u00bb|||\u00bb custom_padding=\u00bb|||\u00bb header_2_font_size_tablet=\u00bb\u00bb header_2_font_size_phone=\u00bb36px\u00bb header_2_font_size_last_edited=\u00bbon|phone\u00bb locked=\u00bboff\u00bb global_colors_info=\u00bb{}\u00bb]<\/p>\n<h2>Accesorios de silos asentados<\/h2>\n<p>[\/et_pb_text][et_pb_divider color=\u00bb#ffb400&#8243; divider_position=\u00bbcenter\u00bb divider_weight=\u00bb5px\u00bb _builder_version=\u00bb4.16&#8243; max_width=\u00bb50px\u00bb locked=\u00bboff\u00bb global_colors_info=\u00bb{}\u00bb][\/et_pb_divider][et_pb_text _builder_version=\u00bb4.20.2&#8243; text_font=\u00bb||||||||\u00bb text_font_size=\u00bb15px\u00bb text_line_height=\u00bb1.8em\u00bb custom_padding=\u00bb|||\u00bb custom_padding_tablet=\u00bb|40px||40px||true\u00bb custom_padding_last_edited=\u00bboff|desktop\u00bb locked=\u00bboff\u00bb global_colors_info=\u00bb{}\u00bb]<\/p>\n<h3>\u00a0<\/h3>\n<h3>Puerta Bobcat<\/h3>\n<p>Es id\u00f3nea para silos de gran capacidad cuya descarga se hace a trav\u00e9s de maquinaria ligera con pala tipo Bobcat que permite el vaciado del talud residual de producto. Esta realizada con un marco r\u00edgido con pilares de transmisi\u00f3n de cargas al suelo y refuerzos horizontales.<\/p>\n<h3>Ventilaci\u00f3n<\/h3>\n<p>Para un buen acondicionamiento y conservaci\u00f3n del grano, entre otros aspectos, aplicamos un sistema de ventilaci\u00f3n para silos asentados de todas las capacidades, as\u00ed como para variedad de productos.<\/p>\n<p>Tras un estudio t\u00e9cnico de la instalaci\u00f3n y considerando el tipo de grano, las condiciones ambientales, la capacidad del silo y sus dimensiones, se determina el sistema de ventilaci\u00f3n necesario para cada instalaci\u00f3n.<\/p>\n<p>[\/et_pb_text][\/et_pb_column][\/et_pb_row][\/et_pb_section][et_pb_section fb_built=\u00bb1&#8243; custom_padding_last_edited=\u00bbon|tablet\u00bb admin_label=\u00bbAccesorios de silos asentados izquierda\u00bb _builder_version=\u00bb4.20.2&#8243; background_color=\u00bb#f7f7f7&#8243; custom_margin=\u00bb|||\u00bb custom_padding=\u00bb0|20%|0|0px|false|false\u00bb custom_padding_tablet=\u00bb|0%||\u00bb custom_padding_phone=\u00bb\u00bb global_colors_info=\u00bb{}\u00bb][et_pb_row use_custom_gutter=\u00bbon\u00bb gutter_width=\u00bb1&#8243; _builder_version=\u00bb4.16&#8243; background_color=\u00bb#ffffff\u00bb width=\u00bb100%\u00bb max_width=\u00bb100%\u00bb module_alignment=\u00bbleft\u00bb custom_margin=\u00bb||||false\u00bb custom_padding=\u00bb10%|10%||10%|false|true\u00bb use_custom_width=\u00bbon\u00bb width_unit=\u00bboff\u00bb custom_width_percent=\u00bb100%\u00bb global_colors_info=\u00bb{}\u00bb][et_pb_column type=\u00bb4_4&#8243; _builder_version=\u00bb4.16&#8243; custom_padding=\u00bb|||\u00bb global_colors_info=\u00bb{}\u00bb custom_padding__hover=\u00bb|||\u00bb][et_pb_text _builder_version=\u00bb4.20.2&#8243; text_font=\u00bb||||||||\u00bb header_font=\u00bb||||||||\u00bb header_2_font=\u00bbRubik|700|||||||\u00bb header_2_font_size=\u00bb42px\u00bb header_2_line_height=\u00bb1.2em\u00bb module_alignment=\u00bbcenter\u00bb custom_margin=\u00bb|||\u00bb custom_padding=\u00bb|||\u00bb header_2_font_size_tablet=\u00bb\u00bb header_2_font_size_phone=\u00bb36px\u00bb header_2_font_size_last_edited=\u00bbon|phone\u00bb locked=\u00bboff\u00bb global_colors_info=\u00bb{}\u00bb]<\/p>\n<h2>Accesorios de silos asentados<\/h2>\n<p>[\/et_pb_text][et_pb_divider color=\u00bb#ffb400&#8243; divider_position=\u00bbcenter\u00bb divider_weight=\u00bb5px\u00bb _builder_version=\u00bb4.16&#8243; max_width=\u00bb50px\u00bb locked=\u00bboff\u00bb global_colors_info=\u00bb{}\u00bb][\/et_pb_divider][et_pb_text _builder_version=\u00bb4.20.2&#8243; text_font=\u00bb||||||||\u00bb text_font_size=\u00bb15px\u00bb text_line_height=\u00bb1.8em\u00bb custom_padding=\u00bb|||\u00bb custom_padding_tablet=\u00bb|40px||40px||true\u00bb custom_padding_last_edited=\u00bboff|desktop\u00bb locked=\u00bboff\u00bb global_colors_info=\u00bb{}\u00bb]<\/p>\n<h3>\u00a0<\/h3>\n<h3>Rejillas<\/h3>\n<p>Entramado compuesto\u00a0 por rejillas perforadas construidas en\u00a0 acero galvanizado. La superficie m\u00ednima est\u00e1ndar de ventilaci\u00f3n es del 15% pudiendo llegar hasta el 100%. Adem\u00e1s ofrecemos una rejilla de ventilaci\u00f3n reforzada para paso de maquinaria.<\/p>\n<h3>Barredora<\/h3>\n<p>Nuestras barredoras se adaptan a todos nuestros di\u00e1metros de silo y puede complementarse con accesorios que optimizan el vaciado eliminando todo residuo existente entre la barredora y el suelo. Cumple con la normativa ATEX para poder trabajar en el interior del silo.<\/p>\n<p>[\/et_pb_text][\/et_pb_column][\/et_pb_row][\/et_pb_section][et_pb_section fb_built=\u00bb1&#8243; custom_padding_last_edited=\u00bbon|tablet\u00bb admin_label=\u00bbAccesorios de silos asentados derecha\u00bb _builder_version=\u00bb4.20.2&#8243; custom_margin=\u00bb|||\u00bb custom_padding=\u00bb0||0|20%|false|false\u00bb custom_padding_tablet=\u00bb|||0%\u00bb custom_padding_phone=\u00bb\u00bb locked=\u00bboff\u00bb global_colors_info=\u00bb{}\u00bb][et_pb_row _builder_version=\u00bb4.16&#8243; background_color=\u00bb#f7f7f7&#8243; width=\u00bb100%\u00bb max_width=\u00bb100%\u00bb custom_margin=\u00bb||||false\u00bb custom_padding=\u00bb10%|9%||9%|false|true\u00bb use_custom_width=\u00bbon\u00bb width_unit=\u00bboff\u00bb custom_width_percent=\u00bb100%\u00bb global_colors_info=\u00bb{}\u00bb][et_pb_column type=\u00bb4_4&#8243; _builder_version=\u00bb4.16&#8243; custom_padding=\u00bb|||\u00bb global_colors_info=\u00bb{}\u00bb custom_padding__hover=\u00bb|||\u00bb][et_pb_text _builder_version=\u00bb4.20.2&#8243; text_font=\u00bb||||||||\u00bb header_font=\u00bb||||||||\u00bb header_2_font=\u00bbRubik|700|||||||\u00bb header_2_font_size=\u00bb42px\u00bb header_2_line_height=\u00bb1.2em\u00bb module_alignment=\u00bbcenter\u00bb custom_margin=\u00bb|||\u00bb custom_padding=\u00bb|||\u00bb header_2_font_size_tablet=\u00bb\u00bb header_2_font_size_phone=\u00bb36px\u00bb header_2_font_size_last_edited=\u00bbon|phone\u00bb locked=\u00bboff\u00bb global_colors_info=\u00bb{}\u00bb]<\/p>\n<h2>Accesorios de silos asentados<\/h2>\n<p>[\/et_pb_text][et_pb_divider color=\u00bb#ffb400&#8243; divider_position=\u00bbcenter\u00bb divider_weight=\u00bb5px\u00bb _builder_version=\u00bb4.16&#8243; max_width=\u00bb50px\u00bb locked=\u00bboff\u00bb global_colors_info=\u00bb{}\u00bb][\/et_pb_divider][et_pb_text _builder_version=\u00bb4.20.2&#8243; text_font=\u00bb||||||||\u00bb text_font_size=\u00bb15px\u00bb text_line_height=\u00bb1.8em\u00bb custom_padding=\u00bb|||\u00bb custom_padding_tablet=\u00bb|40px||40px||true\u00bb custom_padding_last_edited=\u00bboff|desktop\u00bb locked=\u00bboff\u00bb global_colors_info=\u00bb{}\u00bb]<\/p>\n<h3>\u00a0<\/h3>\n<h3>Descarga lateral<\/h3>\n<p>Nuestro sistema de descarga lateral permite la carga a cami\u00f3n directamente desde el silo sin necesidad de maquinaria. Incluye una compuerta de accionamiento manual.<\/p>\n<h3>Escalera interior<\/h3>\n<p>La escalera interior del silo facilita el acceso al interior del silo para labores de mantenimiento y el an\u00e1lisis visual del producto ensilado.<\/p>\n<h3>Escalera inclinada<\/h3>\n<p>La escalera inclinada o de servicio cumple con las expectativas m\u00e1s exigentes de nuestros clientes aunando accesibilidad, seguridad y comodidad para el mantenimiento integral de la planta.<\/p>\n<h3>Escalera caracol<\/h3>\n<p>La escalera de caracol es una escalera perimetral especialmente dise\u00f1ada para facilitar el acceso al silo de una forma c\u00f3moda y segura. Posibilita un f\u00e1cil mantenimiento.<\/p>\n<p>[\/et_pb_text][et_pb_button button_url=\u00bbhttps:\/\/silosspain.com\/wp-content\/uploads\/2023\/04\/silos-metalicos.pdf\u00bb url_new_window=\u00bbon\u00bb button_text=\u00bbConsulta nuestros modelos de silos asentados\u00bb _builder_version=\u00bb4.20.4&#8243; custom_button=\u00bbon\u00bb button_text_size=\u00bb14px\u00bb button_text_color=\u00bb#ffffff\u00bb button_bg_color=\u00bb#009d00&#8243; button_border_width=\u00bb4px\u00bb button_border_radius=\u00bb0px\u00bb button_letter_spacing=\u00bb4px\u00bb button_font=\u00bbRubik|700||on|||||\u00bb button_icon=\u00bb&#x24;||divi||400&#8243; custom_padding=\u00bb12px|30px|12px|30px|true|true\u00bb button_text_color_hover=\u00bb#ffffff\u00bb button_border_color_hover=\u00bb#ffb400&#8243; button_bg_color_hover=\u00bb#ffb400&#8243; locked=\u00bboff\u00bb global_colors_info=\u00bb{}\u00bb button_text_size__hover_enabled=\u00bboff\u00bb button_one_text_size__hover_enabled=\u00bboff\u00bb button_two_text_size__hover_enabled=\u00bboff\u00bb button_text_color__hover_enabled=\u00bbon|hover\u00bb button_text_color__hover=\u00bb#009d00&#8243; button_one_text_color__hover_enabled=\u00bboff\u00bb button_two_text_color__hover_enabled=\u00bboff\u00bb button_border_width__hover_enabled=\u00bboff\u00bb button_one_border_width__hover_enabled=\u00bboff\u00bb button_two_border_width__hover_enabled=\u00bboff\u00bb button_border_color__hover_enabled=\u00bbon\u00bb button_border_color__hover=\u00bb\u00bb button_one_border_color__hover_enabled=\u00bboff\u00bb button_two_border_color__hover_enabled=\u00bboff\u00bb button_border_radius__hover_enabled=\u00bboff\u00bb button_one_border_radius__hover_enabled=\u00bboff\u00bb button_two_border_radius__hover_enabled=\u00bboff\u00bb button_letter_spacing__hover_enabled=\u00bboff\u00bb button_one_letter_spacing__hover_enabled=\u00bboff\u00bb button_two_letter_spacing__hover_enabled=\u00bboff\u00bb button_bg_color__hover_enabled=\u00bbon|hover\u00bb button_bg_color__hover=\u00bb\u00bb button_one_bg_color__hover_enabled=\u00bboff\u00bb button_two_bg_color__hover_enabled=\u00bboff\u00bb button_bg_enable_color__hover=\u00bboff\u00bb][\/et_pb_button][\/et_pb_column][\/et_pb_row][\/et_pb_section]<\/p>\n<span class=\"et_bloom_bottom_trigger\"><\/span>","protected":false},"excerpt":{"rendered":"<p>Silos asentadosNuestros silos asentados para base de hormig\u00f3n, bien sean silos de base plana o c\u00f3nica, se emplean para el almacenamiento prolongado de grandes cantidades de grano, semillas y productos granulados. Nuestra gama de silos abarca capacidades que van desde los 83 m3 hasta los 45.055m3 y con di\u00e1metros que van desde 4.58 metros a [&hellip;]<\/p>\n","protected":false},"author":1,"featured_media":0,"parent":33723,"menu_order":0,"comment_status":"closed","ping_status":"closed","template":"","meta":{"_et_pb_use_builder":"on","_et_pb_old_content":"","_et_gb_content_width":"","footnotes":""},"class_list":["post-33878","page","type-page","status-publish","hentry"],"yoast_head":"<!-- This site is optimized with the Yoast SEO plugin v27.0 - https:\/\/yoast.com\/product\/yoast-seo-wordpress\/ -->\n<title>Silos asentados - Silos Spain<\/title>\n<meta name=\"description\" content=\"Los silos asentados de nuestra f\u00e1brica de silos en Espa\u00f1a se usan para el almacenamiento prolongado de grandes cantidades de grano u otros productos granulados.\" \/>\n<meta name=\"robots\" content=\"index, follow, max-snippet:-1, max-image-preview:large, max-video-preview:-1\" \/>\n<link rel=\"canonical\" href=\"https:\/\/silosspain.com\/es\/silos\/silos-asentados\/\" \/>\n<meta property=\"og:locale\" content=\"es_ES\" \/>\n<meta property=\"og:type\" content=\"article\" \/>\n<meta property=\"og:title\" content=\"Silos asentados - Silos Spain\" \/>\n<meta property=\"og:description\" content=\"Los silos asentados de nuestra f\u00e1brica de silos en Espa\u00f1a se usan para el almacenamiento prolongado de grandes cantidades de grano u otros productos granulados.\" \/>\n<meta property=\"og:url\" content=\"https:\/\/silosspain.com\/es\/silos\/silos-asentados\/\" \/>\n<meta property=\"og:site_name\" content=\"Silos Spain\" \/>\n<meta property=\"article:modified_time\" content=\"2023-05-02T15:10:09+00:00\" \/>\n<meta name=\"twitter:card\" content=\"summary_large_image\" \/>\n<meta name=\"twitter:label1\" content=\"Tiempo de lectura\" \/>\n\t<meta name=\"twitter:data1\" content=\"4 minutos\" \/>\n<script type=\"application\/ld+json\" class=\"yoast-schema-graph\">{\"@context\":\"https:\/\/schema.org\",\"@graph\":[{\"@type\":\"WebPage\",\"@id\":\"https:\/\/silosspain.com\/es\/silos\/silos-asentados\/\",\"url\":\"https:\/\/silosspain.com\/es\/silos\/silos-asentados\/\",\"name\":\"Silos asentados - Silos Spain\",\"isPartOf\":{\"@id\":\"https:\/\/silosspain.com\/#website\"},\"datePublished\":\"2023-03-25T21:58:59+00:00\",\"dateModified\":\"2023-05-02T15:10:09+00:00\",\"description\":\"Los silos asentados de nuestra f\u00e1brica de silos en Espa\u00f1a se usan para el almacenamiento prolongado de grandes cantidades de grano u otros productos granulados.\",\"breadcrumb\":{\"@id\":\"https:\/\/silosspain.com\/es\/silos\/silos-asentados\/#breadcrumb\"},\"inLanguage\":\"es\",\"potentialAction\":[{\"@type\":\"ReadAction\",\"target\":[\"https:\/\/silosspain.com\/es\/silos\/silos-asentados\/\"]}]},{\"@type\":\"BreadcrumbList\",\"@id\":\"https:\/\/silosspain.com\/es\/silos\/silos-asentados\/#breadcrumb\",\"itemListElement\":[{\"@type\":\"ListItem\",\"position\":1,\"name\":\"Home\",\"item\":\"https:\/\/silosspain.com\/es\/\"},{\"@type\":\"ListItem\",\"position\":2,\"name\":\"Silos met\u00e1licos\",\"item\":\"https:\/\/silosspain.com\/es\/silos\/\"},{\"@type\":\"ListItem\",\"position\":3,\"name\":\"Silos asentados\"}]},{\"@type\":\"WebSite\",\"@id\":\"https:\/\/silosspain.com\/#website\",\"url\":\"https:\/\/silosspain.com\/\",\"name\":\"Silos Spain\",\"description\":\"Grain Storage Systems\",\"potentialAction\":[{\"@type\":\"SearchAction\",\"target\":{\"@type\":\"EntryPoint\",\"urlTemplate\":\"https:\/\/silosspain.com\/?s={search_term_string}\"},\"query-input\":{\"@type\":\"PropertyValueSpecification\",\"valueRequired\":true,\"valueName\":\"search_term_string\"}}],\"inLanguage\":\"es\"}]}<\/script>\n<!-- \/ Yoast SEO plugin. -->","yoast_head_json":{"title":"Silos asentados - Silos Spain","description":"Los silos asentados de nuestra f\u00e1brica de silos en Espa\u00f1a se usan para el almacenamiento prolongado de grandes cantidades de grano u otros productos granulados.","robots":{"index":"index","follow":"follow","max-snippet":"max-snippet:-1","max-image-preview":"max-image-preview:large","max-video-preview":"max-video-preview:-1"},"canonical":"https:\/\/silosspain.com\/es\/silos\/silos-asentados\/","og_locale":"es_ES","og_type":"article","og_title":"Silos asentados - Silos Spain","og_description":"Los silos asentados de nuestra f\u00e1brica de silos en Espa\u00f1a se usan para el almacenamiento prolongado de grandes cantidades de grano u otros productos granulados.","og_url":"https:\/\/silosspain.com\/es\/silos\/silos-asentados\/","og_site_name":"Silos Spain","article_modified_time":"2023-05-02T15:10:09+00:00","twitter_card":"summary_large_image","twitter_misc":{"Tiempo de lectura":"4 minutos"},"schema":{"@context":"https:\/\/schema.org","@graph":[{"@type":"WebPage","@id":"https:\/\/silosspain.com\/es\/silos\/silos-asentados\/","url":"https:\/\/silosspain.com\/es\/silos\/silos-asentados\/","name":"Silos asentados - Silos Spain","isPartOf":{"@id":"https:\/\/silosspain.com\/#website"},"datePublished":"2023-03-25T21:58:59+00:00","dateModified":"2023-05-02T15:10:09+00:00","description":"Los silos asentados de nuestra f\u00e1brica de silos en Espa\u00f1a se usan para el almacenamiento prolongado de grandes cantidades de grano u otros productos granulados.","breadcrumb":{"@id":"https:\/\/silosspain.com\/es\/silos\/silos-asentados\/#breadcrumb"},"inLanguage":"es","potentialAction":[{"@type":"ReadAction","target":["https:\/\/silosspain.com\/es\/silos\/silos-asentados\/"]}]},{"@type":"BreadcrumbList","@id":"https:\/\/silosspain.com\/es\/silos\/silos-asentados\/#breadcrumb","itemListElement":[{"@type":"ListItem","position":1,"name":"Home","item":"https:\/\/silosspain.com\/es\/"},{"@type":"ListItem","position":2,"name":"Silos met\u00e1licos","item":"https:\/\/silosspain.com\/es\/silos\/"},{"@type":"ListItem","position":3,"name":"Silos asentados"}]},{"@type":"WebSite","@id":"https:\/\/silosspain.com\/#website","url":"https:\/\/silosspain.com\/","name":"Silos Spain","description":"Grain Storage Systems","potentialAction":[{"@type":"SearchAction","target":{"@type":"EntryPoint","urlTemplate":"https:\/\/silosspain.com\/?s={search_term_string}"},"query-input":{"@type":"PropertyValueSpecification","valueRequired":true,"valueName":"search_term_string"}}],"inLanguage":"es"}]}},"_links":{"self":[{"href":"https:\/\/silosspain.com\/es\/wp-json\/wp\/v2\/pages\/33878","targetHints":{"allow":["GET"]}}],"collection":[{"href":"https:\/\/silosspain.com\/es\/wp-json\/wp\/v2\/pages"}],"about":[{"href":"https:\/\/silosspain.com\/es\/wp-json\/wp\/v2\/types\/page"}],"author":[{"embeddable":true,"href":"https:\/\/silosspain.com\/es\/wp-json\/wp\/v2\/users\/1"}],"replies":[{"embeddable":true,"href":"https:\/\/silosspain.com\/es\/wp-json\/wp\/v2\/comments?post=33878"}],"version-history":[{"count":9,"href":"https:\/\/silosspain.com\/es\/wp-json\/wp\/v2\/pages\/33878\/revisions"}],"predecessor-version":[{"id":34384,"href":"https:\/\/silosspain.com\/es\/wp-json\/wp\/v2\/pages\/33878\/revisions\/34384"}],"up":[{"embeddable":true,"href":"https:\/\/silosspain.com\/es\/wp-json\/wp\/v2\/pages\/33723"}],"wp:attachment":[{"href":"https:\/\/silosspain.com\/es\/wp-json\/wp\/v2\/media?parent=33878"}],"curies":[{"name":"wp","href":"https:\/\/api.w.org\/{rel}","templated":true}]}}