{"id":33752,"date":"2023-03-26T21:03:32","date_gmt":"2023-03-26T21:03:32","guid":{"rendered":"https:\/\/silosspain.com\/presupuesto\/"},"modified":"2026-03-09T08:24:34","modified_gmt":"2026-03-09T08:24:34","slug":"presupuesto","status":"publish","type":"page","link":"https:\/\/silosspain.com\/es\/presupuesto\/","title":{"rendered":"Presupuesto"},"content":{"rendered":"<p>[et_pb_section fb_built=\u00bb1&#8243; admin_label=\u00bbFAQ\u00bb _builder_version=\u00bb4.20.2&#8243; background_color=\u00bb#f7f7f7&#8243; global_colors_info=\u00bb{}\u00bb][et_pb_row _builder_version=\u00bb4.16&#8243; global_colors_info=\u00bb{}\u00bb][et_pb_column type=\u00bb4_4&#8243; _builder_version=\u00bb4.16&#8243; custom_padding=\u00bb|||\u00bb global_colors_info=\u00bb{}\u00bb custom_padding__hover=\u00bb|||\u00bb][et_pb_text _builder_version=\u00bb4.20.4&#8243; text_font=\u00bb||||||||\u00bb header_font=\u00bb||||||||\u00bb header_2_font=\u00bbRubik|700|||||||\u00bb header_2_font_size=\u00bb42px\u00bb header_2_line_height=\u00bb1.2em\u00bb custom_margin=\u00bb|||\u00bb custom_padding=\u00bb|||\u00bb header_2_font_size_tablet=\u00bb\u00bb header_2_font_size_phone=\u00bb36px\u00bb header_2_font_size_last_edited=\u00bbon|phone\u00bb locked=\u00bboff\u00bb global_colors_info=\u00bb{}\u00bb]<\/p>\n<h2>Solicita presupuesto<\/h2>\n<p>Solicita cotizaci\u00f3n de tu proyecto de silos de almacenamiento, acondicionamiento o transporte de grano.<\/p>\n<p>[\/et_pb_text][et_pb_divider color=\u00bb#ffb400&#8243; divider_position=\u00bbcenter\u00bb divider_weight=\u00bb5px\u00bb _builder_version=\u00bb4.16&#8243; max_width=\u00bb50px\u00bb locked=\u00bboff\u00bb global_colors_info=\u00bb{}\u00bb][\/et_pb_divider][et_pb_code _builder_version=\u00bb4.27.5&#8243; _module_preset=\u00bbdefault\u00bb hover_enabled=\u00bb0&#8243; global_colors_info=\u00bb{}\u00bb sticky_enabled=\u00bb0&#8243;]\n<div class=\"wpcf7 no-js\" id=\"wpcf7-f33775-o1\" lang=\"es-ES\" dir=\"ltr\" data-wpcf7-id=\"33775\">\n<div class=\"screen-reader-response\"><p role=\"status\" aria-live=\"polite\" aria-atomic=\"true\"><\/p> <ul><\/ul><\/div>\n<form action=\"\/es\/wp-json\/wp\/v2\/pages\/33752#wpcf7-f33775-o1\" method=\"post\" class=\"wpcf7-form init\" aria-label=\"Formulario de contacto\" novalidate=\"novalidate\" data-status=\"init\">\n<fieldset class=\"hidden-fields-container\"><input type=\"hidden\" name=\"_wpcf7\" value=\"33775\" \/><input type=\"hidden\" name=\"_wpcf7_version\" value=\"6.1.5\" \/><input type=\"hidden\" name=\"_wpcf7_locale\" value=\"es_ES\" \/><input type=\"hidden\" name=\"_wpcf7_unit_tag\" value=\"wpcf7-f33775-o1\" \/><input type=\"hidden\" name=\"_wpcf7_container_post\" value=\"0\" \/><input type=\"hidden\" name=\"_wpcf7_posted_data_hash\" value=\"\" \/>\n<\/fieldset>\n<p>Nombre (requerido)\n<\/p>\n<p><span class=\"wpcf7-form-control-wrap\" data-name=\"your-name\"><input size=\"40\" maxlength=\"400\" class=\"wpcf7-form-control wpcf7-text wpcf7-validates-as-required\" aria-required=\"true\" aria-invalid=\"false\" value=\"\" type=\"text\" name=\"your-name\" \/><\/span>\n<\/p>\n<p>Pa\u00eds (requerido)\n<\/p>\n<p><span class=\"wpcf7-form-control-wrap\" data-name=\"your-country\"><input size=\"40\" maxlength=\"400\" class=\"wpcf7-form-control wpcf7-text wpcf7-validates-as-required\" aria-required=\"true\" aria-invalid=\"false\" value=\"\" type=\"text\" name=\"your-country\" \/><\/span>\n<\/p>\n<p>Provincia (requerido)\n<\/p>\n<p><span class=\"wpcf7-form-control-wrap\" data-name=\"your-province\"><input size=\"40\" maxlength=\"400\" class=\"wpcf7-form-control wpcf7-text wpcf7-validates-as-required\" aria-required=\"true\" aria-invalid=\"false\" value=\"\" type=\"text\" name=\"your-province\" \/><\/span>\n<\/p>\n<p>Empresa\n<\/p>\n<p><span class=\"wpcf7-form-control-wrap\" data-name=\"your-company\"><input size=\"40\" maxlength=\"400\" class=\"wpcf7-form-control wpcf7-text\" aria-invalid=\"false\" value=\"\" type=\"text\" name=\"your-company\" \/><\/span>\n<\/p>\n<p>Email (requerido)\n<\/p>\n<p><span class=\"wpcf7-form-control-wrap\" data-name=\"your-email\"><input size=\"40\" maxlength=\"400\" class=\"wpcf7-form-control wpcf7-email wpcf7-validates-as-required wpcf7-text wpcf7-validates-as-email\" aria-required=\"true\" aria-invalid=\"false\" value=\"\" type=\"email\" name=\"your-email\" \/><\/span>\n<\/p>\n<p>Tel\u00e9fono\n<\/p>\n<p><span class=\"wpcf7-form-control-wrap\" data-name=\"your-phone\"><input size=\"40\" maxlength=\"400\" class=\"wpcf7-form-control wpcf7-text\" aria-invalid=\"false\" value=\"\" type=\"text\" name=\"your-phone\" \/><\/span>\n<\/p>\n<p>Asunto (requerido)\n<\/p>\n<p><span class=\"wpcf7-form-control-wrap\" data-name=\"your-subject\"><input size=\"40\" maxlength=\"400\" class=\"wpcf7-form-control wpcf7-text wpcf7-validates-as-required\" aria-required=\"true\" aria-invalid=\"false\" value=\"\" type=\"text\" name=\"your-subject\" \/><\/span>\n<\/p>\n<p>\u00bfEn que producto est\u00e1s interesado? (requerido)\n<\/p>\n<p><span class=\"wpcf7-form-control-wrap\" data-name=\"checkbox-81\"><span class=\"wpcf7-form-control wpcf7-checkbox wpcf7-validates-as-required\" id=\"products\"><span class=\"wpcf7-list-item first\"><input type=\"checkbox\" name=\"checkbox-81[]\" value=\"Silos asentados\" \/><span class=\"wpcf7-list-item-label\">Silos asentados<\/span><\/span><span class=\"wpcf7-list-item\"><input type=\"checkbox\" name=\"checkbox-81[]\" value=\"Silos elevados\" \/><span class=\"wpcf7-list-item-label\">Silos elevados<\/span><\/span><span class=\"wpcf7-list-item\"><input type=\"checkbox\" name=\"checkbox-81[]\" value=\"Silos granja\" \/><span class=\"wpcf7-list-item-label\">Silos granja<\/span><\/span><span class=\"wpcf7-list-item\"><input type=\"checkbox\" name=\"checkbox-81[]\" value=\"Planta de almacenaje completa\" \/><span class=\"wpcf7-list-item-label\">Planta de almacenaje completa<\/span><\/span><span class=\"wpcf7-list-item\"><input type=\"checkbox\" name=\"checkbox-81[]\" value=\"Dep\u00f3sitos de agua\" \/><span class=\"wpcf7-list-item-label\">Dep\u00f3sitos de agua<\/span><\/span><span class=\"wpcf7-list-item\"><input type=\"checkbox\" name=\"checkbox-81[]\" value=\"Cobertizos\" \/><span class=\"wpcf7-list-item-label\">Cobertizos<\/span><\/span><span class=\"wpcf7-list-item last\"><input type=\"checkbox\" name=\"checkbox-81[]\" value=\"Viviendas industrializadas\" \/><span class=\"wpcf7-list-item-label\">Viviendas industrializadas<\/span><\/span><\/span><\/span>\n<\/p>\n<p>\u00bfDeseas a\u00f1adir m\u00e1s detalles sobre tu pedido?\n<\/p>\n<p><span class=\"wpcf7-form-control-wrap\" data-name=\"your-message\"><textarea cols=\"40\" rows=\"10\" maxlength=\"2000\" class=\"wpcf7-form-control wpcf7-textarea\" aria-invalid=\"false\" name=\"your-message\"><\/textarea><\/span>\n<\/p>\n<p>Por favor, dinos c\u00f3mo nos has conocido: (requerido)\n<\/p>\n<p><span class=\"wpcf7-form-control-wrap\" data-name=\"checkbox-521\"><span class=\"wpcf7-form-control wpcf7-checkbox wpcf7-validates-as-required wpcf7-exclusive-checkbox\" id=\"source\"><span class=\"wpcf7-list-item first\"><input type=\"checkbox\" name=\"checkbox-521\" value=\"Recomendaci\u00f3n de un colega\" \/><span class=\"wpcf7-list-item-label\">Recomendaci\u00f3n de un colega<\/span><\/span><span class=\"wpcf7-list-item\"><input type=\"checkbox\" name=\"checkbox-521\" value=\"Publicidad en Revista\" \/><span class=\"wpcf7-list-item-label\">Publicidad en Revista<\/span><\/span><span class=\"wpcf7-list-item\"><input type=\"checkbox\" name=\"checkbox-521\" value=\"P\u00e1gina Web\" \/><span class=\"wpcf7-list-item-label\">P\u00e1gina Web<\/span><\/span><span class=\"wpcf7-list-item\"><input type=\"checkbox\" name=\"checkbox-521\" value=\"Feria\" \/><span class=\"wpcf7-list-item-label\">Feria<\/span><\/span><span class=\"wpcf7-list-item last\"><input type=\"checkbox\" name=\"checkbox-521\" value=\"Otros\" \/><span class=\"wpcf7-list-item-label\">Otros<\/span><\/span><\/span><\/span>\n<\/p>\n<p><span class=\"wpcf7-form-control-wrap\" data-name=\"acceptance-655\"><span class=\"wpcf7-form-control wpcf7-acceptance\"><span class=\"wpcf7-list-item\"><input type=\"checkbox\" name=\"acceptance-655\" value=\"1\" checked=\"checked\" aria-invalid=\"false\" \/><\/span><\/span><\/span> He <b>le\u00eddo y acepto<\/b> la <a href=\"https:\/\/silosspain.com\/es\/politica-de-privacidad\/\" target=\"_blank\">Pol\u00edtica de privacidad<\/a>\n<\/p>\n<p><input class=\"wpcf7-form-control wpcf7-submit has-spinner\" id=\"requestq\" type=\"submit\" value=\"Enviar\" \/>\n<\/p><div class=\"wpcf7-response-output\" aria-hidden=\"true\"><\/div>\n<\/form>\n<\/div>\n[\/et_pb_code][\/et_pb_column][\/et_pb_row][\/et_pb_section]<\/p>\n<span class=\"et_bloom_bottom_trigger\"><\/span>","protected":false},"excerpt":{"rendered":"<p>Solicita presupuesto Solicita cotizaci\u00f3n de tu proyecto de silos de almacenamiento, acondicionamiento o transporte de grano.\n<div class=\"wpcf7 no-js\" id=\"wpcf7-f33775-o2\" lang=\"es-ES\" dir=\"ltr\" data-wpcf7-id=\"33775\">\n<div class=\"screen-reader-response\"><p role=\"status\" aria-live=\"polite\" aria-atomic=\"true\"><\/p> <ul><\/ul><\/div>\n<form action=\"\/es\/wp-json\/wp\/v2\/pages\/33752#wpcf7-f33775-o2\" method=\"post\" class=\"wpcf7-form init\" aria-label=\"Formulario de contacto\" novalidate=\"novalidate\" data-status=\"init\">\n<fieldset class=\"hidden-fields-container\"><input type=\"hidden\" name=\"_wpcf7\" value=\"33775\" \/><input type=\"hidden\" name=\"_wpcf7_version\" value=\"6.1.5\" \/><input type=\"hidden\" name=\"_wpcf7_locale\" value=\"es_ES\" \/><input type=\"hidden\" name=\"_wpcf7_unit_tag\" value=\"wpcf7-f33775-o2\" \/><input type=\"hidden\" name=\"_wpcf7_container_post\" value=\"0\" \/><input type=\"hidden\" name=\"_wpcf7_posted_data_hash\" value=\"\" \/>\n<\/fieldset>\n<p>Nombre (requerido)\n<\/p>\n<p><span class=\"wpcf7-form-control-wrap\" data-name=\"your-name\"><input size=\"40\" maxlength=\"400\" class=\"wpcf7-form-control wpcf7-text wpcf7-validates-as-required\" aria-required=\"true\" aria-invalid=\"false\" value=\"\" type=\"text\" name=\"your-name\" \/><\/span>\n<\/p>\n<p>Pa\u00eds (requerido)\n<\/p>\n<p><span class=\"wpcf7-form-control-wrap\" data-name=\"your-country\"><input size=\"40\" maxlength=\"400\" class=\"wpcf7-form-control wpcf7-text wpcf7-validates-as-required\" aria-required=\"true\" aria-invalid=\"false\" value=\"\" type=\"text\" name=\"your-country\" \/><\/span>\n<\/p>\n<p>Provincia (requerido)\n<\/p>\n<p><span class=\"wpcf7-form-control-wrap\" data-name=\"your-province\"><input size=\"40\" maxlength=\"400\" class=\"wpcf7-form-control wpcf7-text wpcf7-validates-as-required\" aria-required=\"true\" aria-invalid=\"false\" value=\"\" type=\"text\" name=\"your-province\" \/><\/span>\n<\/p>\n<p>Empresa\n<\/p>\n<p><span class=\"wpcf7-form-control-wrap\" data-name=\"your-company\"><input size=\"40\" maxlength=\"400\" class=\"wpcf7-form-control wpcf7-text\" aria-invalid=\"false\" value=\"\" type=\"text\" name=\"your-company\" \/><\/span>\n<\/p>\n<p>Email (requerido)\n<\/p>\n<p><span class=\"wpcf7-form-control-wrap\" data-name=\"your-email\"><input size=\"40\" maxlength=\"400\" class=\"wpcf7-form-control wpcf7-email wpcf7-validates-as-required wpcf7-text wpcf7-validates-as-email\" aria-required=\"true\" aria-invalid=\"false\" value=\"\" type=\"email\" name=\"your-email\" \/><\/span>\n<\/p>\n<p>Tel\u00e9fono\n<\/p>\n<p><span class=\"wpcf7-form-control-wrap\" data-name=\"your-phone\"><input size=\"40\" maxlength=\"400\" class=\"wpcf7-form-control wpcf7-text\" aria-invalid=\"false\" value=\"\" type=\"text\" name=\"your-phone\" \/><\/span>\n<\/p>\n<p>Asunto (requerido)\n<\/p>\n<p><span class=\"wpcf7-form-control-wrap\" data-name=\"your-subject\"><input size=\"40\" maxlength=\"400\" class=\"wpcf7-form-control wpcf7-text wpcf7-validates-as-required\" aria-required=\"true\" aria-invalid=\"false\" value=\"\" type=\"text\" name=\"your-subject\" \/><\/span>\n<\/p>\n<p>\u00bfEn que producto est\u00e1s interesado? (requerido)\n<\/p>\n<p><span class=\"wpcf7-form-control-wrap\" data-name=\"checkbox-81\"><span class=\"wpcf7-form-control wpcf7-checkbox wpcf7-validates-as-required\"><span class=\"wpcf7-list-item first\"><input type=\"checkbox\" name=\"checkbox-81[]\" value=\"Silos asentados\" \/><span class=\"wpcf7-list-item-label\">Silos asentados<\/span><\/span><span class=\"wpcf7-list-item\"><input type=\"checkbox\" name=\"checkbox-81[]\" value=\"Silos elevados\" \/><span class=\"wpcf7-list-item-label\">Silos elevados<\/span><\/span><span class=\"wpcf7-list-item\"><input type=\"checkbox\" name=\"checkbox-81[]\" value=\"Silos granja\" \/><span class=\"wpcf7-list-item-label\">Silos granja<\/span><\/span><span class=\"wpcf7-list-item\"><input type=\"checkbox\" name=\"checkbox-81[]\" value=\"Planta de almacenaje completa\" \/><span class=\"wpcf7-list-item-label\">Planta de almacenaje completa<\/span><\/span><span class=\"wpcf7-list-item\"><input type=\"checkbox\" name=\"checkbox-81[]\" value=\"Dep\u00f3sitos de agua\" \/><span class=\"wpcf7-list-item-label\">Dep\u00f3sitos de agua<\/span><\/span><span class=\"wpcf7-list-item\"><input type=\"checkbox\" name=\"checkbox-81[]\" value=\"Cobertizos\" \/><span class=\"wpcf7-list-item-label\">Cobertizos<\/span><\/span><span class=\"wpcf7-list-item last\"><input type=\"checkbox\" name=\"checkbox-81[]\" value=\"Viviendas industrializadas\" \/><span class=\"wpcf7-list-item-label\">Viviendas industrializadas<\/span><\/span><\/span><\/span>\n<\/p>\n<p>\u00bfDeseas a\u00f1adir m\u00e1s detalles sobre tu pedido?\n<\/p>\n<p><span class=\"wpcf7-form-control-wrap\" data-name=\"your-message\"><textarea cols=\"40\" rows=\"10\" maxlength=\"2000\" class=\"wpcf7-form-control wpcf7-textarea\" aria-invalid=\"false\" name=\"your-message\"><\/textarea><\/span>\n<\/p>\n<p>Por favor, dinos c\u00f3mo nos has conocido: (requerido)\n<\/p>\n<p><span class=\"wpcf7-form-control-wrap\" data-name=\"checkbox-521\"><span class=\"wpcf7-form-control wpcf7-checkbox wpcf7-validates-as-required wpcf7-exclusive-checkbox\"><span class=\"wpcf7-list-item first\"><input type=\"checkbox\" name=\"checkbox-521\" value=\"Recomendaci\u00f3n de un colega\" \/><span class=\"wpcf7-list-item-label\">Recomendaci\u00f3n de un colega<\/span><\/span><span class=\"wpcf7-list-item\"><input type=\"checkbox\" name=\"checkbox-521\" value=\"Publicidad en Revista\" \/><span class=\"wpcf7-list-item-label\">Publicidad en Revista<\/span><\/span><span class=\"wpcf7-list-item\"><input type=\"checkbox\" name=\"checkbox-521\" value=\"P\u00e1gina Web\" \/><span class=\"wpcf7-list-item-label\">P\u00e1gina Web<\/span><\/span><span class=\"wpcf7-list-item\"><input type=\"checkbox\" name=\"checkbox-521\" value=\"Feria\" \/><span class=\"wpcf7-list-item-label\">Feria<\/span><\/span><span class=\"wpcf7-list-item last\"><input type=\"checkbox\" name=\"checkbox-521\" value=\"Otros\" \/><span class=\"wpcf7-list-item-label\">Otros<\/span><\/span><\/span><\/span>\n<\/p>\n<p><span class=\"wpcf7-form-control-wrap\" data-name=\"acceptance-655\"><span class=\"wpcf7-form-control wpcf7-acceptance\"><span class=\"wpcf7-list-item\"><input type=\"checkbox\" name=\"acceptance-655\" value=\"1\" checked=\"checked\" aria-invalid=\"false\" \/><\/span><\/span><\/span> He <b>le\u00eddo y acepto<\/b> la <a href=\"https:\/\/silosspain.com\/es\/politica-de-privacidad\/\" target=\"_blank\">Pol\u00edtica de privacidad<\/a>\n<\/p>\n<p><input class=\"wpcf7-form-control wpcf7-submit has-spinner\" type=\"submit\" value=\"Enviar\" \/>\n<\/p><div class=\"wpcf7-response-output\" aria-hidden=\"true\"><\/div>\n<\/form>\n<\/div>\n<\/p>\n","protected":false},"author":4,"featured_media":0,"parent":0,"menu_order":0,"comment_status":"closed","ping_status":"closed","template":"","meta":{"_et_pb_use_builder":"on","_et_pb_old_content":"","_et_gb_content_width":"","footnotes":""},"class_list":["post-33752","page","type-page","status-publish","hentry"],"yoast_head":"<!-- This site is optimized with the Yoast SEO plugin v27.0 - https:\/\/yoast.com\/product\/yoast-seo-wordpress\/ -->\n<title>Presupuesto - Silos Spain<\/title>\n<meta name=\"description\" content=\"Solicita cotizaci\u00f3n de tu proyecto de silos de almacenamiento, acondicionamiento o transporte de grano en Silos Spain, C\u00f3rdoba, Espa\u00f1a\" \/>\n<meta name=\"robots\" content=\"index, follow, max-snippet:-1, max-image-preview:large, max-video-preview:-1\" \/>\n<link rel=\"canonical\" href=\"https:\/\/silosspain.com\/es\/presupuesto\/\" \/>\n<meta property=\"og:locale\" content=\"es_ES\" \/>\n<meta property=\"og:type\" content=\"article\" \/>\n<meta property=\"og:title\" content=\"Presupuesto - Silos Spain\" \/>\n<meta property=\"og:description\" content=\"Solicita cotizaci\u00f3n de tu proyecto de silos de almacenamiento, acondicionamiento o transporte de grano en Silos Spain, C\u00f3rdoba, Espa\u00f1a\" \/>\n<meta property=\"og:url\" content=\"https:\/\/silosspain.com\/es\/presupuesto\/\" \/>\n<meta property=\"og:site_name\" content=\"Silos Spain\" \/>\n<meta property=\"article:modified_time\" content=\"2026-03-09T08:24:34+00:00\" \/>\n<meta name=\"twitter:card\" content=\"summary_large_image\" \/>\n<meta name=\"twitter:label1\" content=\"Tiempo de lectura\" \/>\n\t<meta name=\"twitter:data1\" content=\"1 minuto\" \/>\n<script type=\"application\/ld+json\" class=\"yoast-schema-graph\">{\"@context\":\"https:\/\/schema.org\",\"@graph\":[{\"@type\":\"WebPage\",\"@id\":\"https:\/\/silosspain.com\/es\/presupuesto\/\",\"url\":\"https:\/\/silosspain.com\/es\/presupuesto\/\",\"name\":\"Presupuesto - Silos Spain\",\"isPartOf\":{\"@id\":\"https:\/\/silosspain.com\/#website\"},\"datePublished\":\"2023-03-26T21:03:32+00:00\",\"dateModified\":\"2026-03-09T08:24:34+00:00\",\"description\":\"Solicita cotizaci\u00f3n de tu proyecto de silos de almacenamiento, acondicionamiento o transporte de grano en Silos Spain, C\u00f3rdoba, Espa\u00f1a\",\"breadcrumb\":{\"@id\":\"https:\/\/silosspain.com\/es\/presupuesto\/#breadcrumb\"},\"inLanguage\":\"es\",\"potentialAction\":[{\"@type\":\"ReadAction\",\"target\":[\"https:\/\/silosspain.com\/es\/presupuesto\/\"]}]},{\"@type\":\"BreadcrumbList\",\"@id\":\"https:\/\/silosspain.com\/es\/presupuesto\/#breadcrumb\",\"itemListElement\":[{\"@type\":\"ListItem\",\"position\":1,\"name\":\"Home\",\"item\":\"https:\/\/silosspain.com\/es\/\"},{\"@type\":\"ListItem\",\"position\":2,\"name\":\"Presupuesto\"}]},{\"@type\":\"WebSite\",\"@id\":\"https:\/\/silosspain.com\/#website\",\"url\":\"https:\/\/silosspain.com\/\",\"name\":\"Silos Spain\",\"description\":\"Grain Storage Systems\",\"potentialAction\":[{\"@type\":\"SearchAction\",\"target\":{\"@type\":\"EntryPoint\",\"urlTemplate\":\"https:\/\/silosspain.com\/?s={search_term_string}\"},\"query-input\":{\"@type\":\"PropertyValueSpecification\",\"valueRequired\":true,\"valueName\":\"search_term_string\"}}],\"inLanguage\":\"es\"}]}<\/script>\n<!-- \/ Yoast SEO plugin. -->","yoast_head_json":{"title":"Presupuesto - Silos Spain","description":"Solicita cotizaci\u00f3n de tu proyecto de silos de almacenamiento, acondicionamiento o transporte de grano en Silos Spain, C\u00f3rdoba, Espa\u00f1a","robots":{"index":"index","follow":"follow","max-snippet":"max-snippet:-1","max-image-preview":"max-image-preview:large","max-video-preview":"max-video-preview:-1"},"canonical":"https:\/\/silosspain.com\/es\/presupuesto\/","og_locale":"es_ES","og_type":"article","og_title":"Presupuesto - Silos Spain","og_description":"Solicita cotizaci\u00f3n de tu proyecto de silos de almacenamiento, acondicionamiento o transporte de grano en Silos Spain, C\u00f3rdoba, Espa\u00f1a","og_url":"https:\/\/silosspain.com\/es\/presupuesto\/","og_site_name":"Silos Spain","article_modified_time":"2026-03-09T08:24:34+00:00","twitter_card":"summary_large_image","twitter_misc":{"Tiempo de lectura":"1 minuto"},"schema":{"@context":"https:\/\/schema.org","@graph":[{"@type":"WebPage","@id":"https:\/\/silosspain.com\/es\/presupuesto\/","url":"https:\/\/silosspain.com\/es\/presupuesto\/","name":"Presupuesto - Silos Spain","isPartOf":{"@id":"https:\/\/silosspain.com\/#website"},"datePublished":"2023-03-26T21:03:32+00:00","dateModified":"2026-03-09T08:24:34+00:00","description":"Solicita cotizaci\u00f3n de tu proyecto de silos de almacenamiento, acondicionamiento o transporte de grano en Silos Spain, C\u00f3rdoba, Espa\u00f1a","breadcrumb":{"@id":"https:\/\/silosspain.com\/es\/presupuesto\/#breadcrumb"},"inLanguage":"es","potentialAction":[{"@type":"ReadAction","target":["https:\/\/silosspain.com\/es\/presupuesto\/"]}]},{"@type":"BreadcrumbList","@id":"https:\/\/silosspain.com\/es\/presupuesto\/#breadcrumb","itemListElement":[{"@type":"ListItem","position":1,"name":"Home","item":"https:\/\/silosspain.com\/es\/"},{"@type":"ListItem","position":2,"name":"Presupuesto"}]},{"@type":"WebSite","@id":"https:\/\/silosspain.com\/#website","url":"https:\/\/silosspain.com\/","name":"Silos Spain","description":"Grain Storage Systems","potentialAction":[{"@type":"SearchAction","target":{"@type":"EntryPoint","urlTemplate":"https:\/\/silosspain.com\/?s={search_term_string}"},"query-input":{"@type":"PropertyValueSpecification","valueRequired":true,"valueName":"search_term_string"}}],"inLanguage":"es"}]}},"_links":{"self":[{"href":"https:\/\/silosspain.com\/es\/wp-json\/wp\/v2\/pages\/33752","targetHints":{"allow":["GET"]}}],"collection":[{"href":"https:\/\/silosspain.com\/es\/wp-json\/wp\/v2\/pages"}],"about":[{"href":"https:\/\/silosspain.com\/es\/wp-json\/wp\/v2\/types\/page"}],"author":[{"embeddable":true,"href":"https:\/\/silosspain.com\/es\/wp-json\/wp\/v2\/users\/4"}],"replies":[{"embeddable":true,"href":"https:\/\/silosspain.com\/es\/wp-json\/wp\/v2\/comments?post=33752"}],"version-history":[{"count":5,"href":"https:\/\/silosspain.com\/es\/wp-json\/wp\/v2\/pages\/33752\/revisions"}],"predecessor-version":[{"id":38779,"href":"https:\/\/silosspain.com\/es\/wp-json\/wp\/v2\/pages\/33752\/revisions\/38779"}],"wp:attachment":[{"href":"https:\/\/silosspain.com\/es\/wp-json\/wp\/v2\/media?parent=33752"}],"curies":[{"name":"wp","href":"https:\/\/api.w.org\/{rel}","templated":true}]}}